{"id":931,"date":"2020-11-09T16:22:16","date_gmt":"2020-11-09T19:22:16","guid":{"rendered":"http:\/\/icb.utalca.cl\/?page_id=931"},"modified":"2025-09-12T22:58:37","modified_gmt":"2025-09-13T01:58:37","slug":"administrativos","status":"publish","type":"page","link":"https:\/\/bioinformatica.utalca.cl\/?page_id=931","title":{"rendered":"Administrativos"},"content":{"rendered":"\t\t<div data-elementor-type=\"wp-page\" data-elementor-id=\"931\" class=\"elementor elementor-931\">\n\t\t\t\t\t\t<section class=\"elementor-section elementor-top-section elementor-element elementor-element-74c015aa elementor-section-boxed elementor-section-height-default elementor-section-height-default\" data-id=\"74c015aa\" data-element_type=\"section\" data-e-type=\"section\" data-settings=\"{&quot;background_background&quot;:&quot;gradient&quot;}\">\n\t\t\t\t\t\t<div class=\"elementor-container elementor-column-gap-default\">\n\t\t\t\t\t<div class=\"elementor-column elementor-col-100 elementor-top-column elementor-element elementor-element-60171464\" data-id=\"60171464\" data-element_type=\"column\" data-e-type=\"column\">\n\t\t\t<div class=\"elementor-widget-wrap elementor-element-populated\">\n\t\t\t\t\t\t<div class=\"elementor-element elementor-element-272156ad elementor-widget elementor-widget-heading\" data-id=\"272156ad\" data-element_type=\"widget\" data-e-type=\"widget\" data-widget_type=\"heading.default\">\n\t\t\t\t<div class=\"elementor-widget-container\">\n\t\t\t\t\t<h2 class=\"elementor-heading-title elementor-size-default\">Administrativos<\/h2>\t\t\t\t<\/div>\n\t\t\t\t<\/div>\n\t\t\t\t\t<\/div>\n\t\t<\/div>\n\t\t\t\t\t<\/div>\n\t\t<\/section>\n\t\t\t\t<section class=\"elementor-section elementor-top-section elementor-element elementor-element-619216b elementor-section-boxed elementor-section-height-default elementor-section-height-default\" data-id=\"619216b\" data-element_type=\"section\" data-e-type=\"section\">\n\t\t\t\t\t\t<div class=\"elementor-container elementor-column-gap-default\">\n\t\t\t\t\t<div class=\"elementor-column elementor-col-33 elementor-top-column elementor-element elementor-element-18ddf06\" data-id=\"18ddf06\" data-element_type=\"column\" data-e-type=\"column\">\n\t\t\t<div class=\"elementor-widget-wrap elementor-element-populated\">\n\t\t\t\t\t\t<section class=\"elementor-section elementor-inner-section elementor-element elementor-element-1efaaeb elementor-section-boxed elementor-section-height-default elementor-section-height-default\" data-id=\"1efaaeb\" data-element_type=\"section\" data-e-type=\"section\">\n\t\t\t\t\t\t<div class=\"elementor-container elementor-column-gap-default\">\n\t\t\t\t\t<div class=\"elementor-column elementor-col-33 elementor-inner-column elementor-element elementor-element-1c49bab\" data-id=\"1c49bab\" data-element_type=\"column\" data-e-type=\"column\">\n\t\t\t<div class=\"elementor-widget-wrap elementor-element-populated\">\n\t\t\t\t\t\t<div class=\"elementor-element elementor-element-1cbeb4b elementor-widget elementor-widget-image\" data-id=\"1cbeb4b\" data-element_type=\"widget\" data-e-type=\"widget\" data-widget_type=\"image.default\">\n\t\t\t\t<div class=\"elementor-widget-container\">\n\t\t\t\t\t\t\t\t\t\t\t\t\t\t\t<img fetchpriority=\"high\" decoding=\"async\" width=\"750\" height=\"770\" src=\"https:\/\/bioinformatica.utalca.cl\/wp-content\/uploads\/2025\/01\/ypena.png\" class=\"attachment-large size-large wp-image-1947\" alt=\"\" srcset=\"https:\/\/bioinformatica.utalca.cl\/wp-content\/uploads\/2025\/01\/ypena.png 851w, https:\/\/bioinformatica.utalca.cl\/wp-content\/uploads\/2025\/01\/ypena-292x300.png 292w, https:\/\/bioinformatica.utalca.cl\/wp-content\/uploads\/2025\/01\/ypena-768x789.png 768w\" sizes=\"(max-width: 750px) 100vw, 750px\" \/>\t\t\t\t\t\t\t\t\t\t\t\t\t\t\t<\/div>\n\t\t\t\t<\/div>\n\t\t\t\t\t<\/div>\n\t\t<\/div>\n\t\t\t\t<div class=\"elementor-column elementor-col-66 elementor-inner-column elementor-element elementor-element-182e7e3\" data-id=\"182e7e3\" data-element_type=\"column\" data-e-type=\"column\">\n\t\t\t<div class=\"elementor-widget-wrap elementor-element-populated\">\n\t\t\t\t\t\t<div class=\"elementor-element elementor-element-fe10542 elementor-widget elementor-widget-heading\" data-id=\"fe10542\" data-element_type=\"widget\" data-e-type=\"widget\" data-widget_type=\"heading.default\">\n\t\t\t\t<div class=\"elementor-widget-container\">\n\t\t\t\t\t<h4 class=\"elementor-heading-title elementor-size-default\">Yasna Pe\u00f1a<\/h4>\t\t\t\t<\/div>\n\t\t\t\t<\/div>\n\t\t\t\t<div class=\"elementor-element elementor-element-1821d14 elementor-widget elementor-widget-text-editor\" data-id=\"1821d14\" data-element_type=\"widget\" data-e-type=\"widget\" data-widget_type=\"text-editor.default\">\n\t\t\t\t<div class=\"elementor-widget-container\">\n\t\t\t\t\t\t\t\t\t<p><strong>Tel\u00e9fono:<\/strong><span>\u00a0071 &#8211; 201685<\/span><br \/><strong>Cargo:<\/strong><span>\u00a0Asistente de Escuela<\/span><\/p>\t\t\t\t\t\t\t\t<\/div>\n\t\t\t\t<\/div>\n\t\t\t\t<div class=\"elementor-element elementor-element-9bf7201 elementor-shape-circle e-grid-align-left elementor-grid-0 elementor-widget elementor-widget-social-icons\" data-id=\"9bf7201\" data-element_type=\"widget\" data-e-type=\"widget\" data-widget_type=\"social-icons.default\">\n\t\t\t\t<div class=\"elementor-widget-container\">\n\t\t\t\t\t\t\t<div class=\"elementor-social-icons-wrapper elementor-grid\">\n\t\t\t\t\t\t\t<span class=\"elementor-grid-item\">\n\t\t\t\t\t<a class=\"elementor-icon elementor-social-icon elementor-social-icon-envelope elementor-animation-grow-rotate elementor-repeater-item-44b7031\" href=\"mailto:ypena@utalca.cl\" target=\"_blank\">\n\t\t\t\t\t\t<span class=\"elementor-screen-only\">Envelope<\/span>\n\t\t\t\t\t\t<i aria-hidden=\"true\" class=\"fas fa-envelope\"><\/i>\t\t\t\t\t<\/a>\n\t\t\t\t<\/span>\n\t\t\t\t\t<\/div>\n\t\t\t\t\t\t<\/div>\n\t\t\t\t<\/div>\n\t\t\t\t\t<\/div>\n\t\t<\/div>\n\t\t\t\t\t<\/div>\n\t\t<\/section>\n\t\t\t\t\t<\/div>\n\t\t<\/div>\n\t\t\t\t<div class=\"elementor-column elementor-col-33 elementor-top-column elementor-element elementor-element-5e59ec4\" data-id=\"5e59ec4\" data-element_type=\"column\" data-e-type=\"column\">\n\t\t\t<div class=\"elementor-widget-wrap elementor-element-populated\">\n\t\t\t\t\t\t<section class=\"elementor-section elementor-inner-section elementor-element elementor-element-541e803 elementor-section-boxed elementor-section-height-default elementor-section-height-default\" data-id=\"541e803\" data-element_type=\"section\" data-e-type=\"section\">\n\t\t\t\t\t\t<div class=\"elementor-container elementor-column-gap-default\">\n\t\t\t\t\t<div class=\"elementor-column elementor-col-33 elementor-inner-column elementor-element elementor-element-f2a440e\" data-id=\"f2a440e\" data-element_type=\"column\" data-e-type=\"column\">\n\t\t\t<div class=\"elementor-widget-wrap elementor-element-populated\">\n\t\t\t\t\t\t<div class=\"elementor-element elementor-element-bb85583 elementor-widget elementor-widget-image\" data-id=\"bb85583\" data-element_type=\"widget\" data-e-type=\"widget\" data-widget_type=\"image.default\">\n\t\t\t\t<div class=\"elementor-widget-container\">\n\t\t\t\t\t\t\t\t\t\t\t\t\t\t\t<img decoding=\"async\" width=\"186\" height=\"186\" src=\"https:\/\/bioinformatica.utalca.cl\/wp-content\/uploads\/2020\/11\/silueta.png\" class=\"attachment-large size-large wp-image-317\" alt=\"\" srcset=\"https:\/\/bioinformatica.utalca.cl\/wp-content\/uploads\/2020\/11\/silueta.png 186w, https:\/\/bioinformatica.utalca.cl\/wp-content\/uploads\/2020\/11\/silueta-150x150.png 150w\" sizes=\"(max-width: 186px) 100vw, 186px\" \/>\t\t\t\t\t\t\t\t\t\t\t\t\t\t\t<\/div>\n\t\t\t\t<\/div>\n\t\t\t\t\t<\/div>\n\t\t<\/div>\n\t\t\t\t<div class=\"elementor-column elementor-col-66 elementor-inner-column elementor-element elementor-element-254a20d\" data-id=\"254a20d\" data-element_type=\"column\" data-e-type=\"column\">\n\t\t\t<div class=\"elementor-widget-wrap elementor-element-populated\">\n\t\t\t\t\t\t<div class=\"elementor-element elementor-element-403687b elementor-widget elementor-widget-heading\" data-id=\"403687b\" data-element_type=\"widget\" data-e-type=\"widget\" data-widget_type=\"heading.default\">\n\t\t\t\t<div class=\"elementor-widget-container\">\n\t\t\t\t\t<h4 class=\"elementor-heading-title elementor-size-default\">Vicente Rojas<\/h4>\t\t\t\t<\/div>\n\t\t\t\t<\/div>\n\t\t\t\t<div class=\"elementor-element elementor-element-d6e2db6 elementor-widget elementor-widget-text-editor\" data-id=\"d6e2db6\" data-element_type=\"widget\" data-e-type=\"widget\" data-widget_type=\"text-editor.default\">\n\t\t\t\t<div class=\"elementor-widget-container\">\n\t\t\t\t\t\t\t\t\t<p><strong>Cargo:<\/strong><span> Administrador de Sistemas<br \/><\/span><\/p>\t\t\t\t\t\t\t\t<\/div>\n\t\t\t\t<\/div>\n\t\t\t\t<div class=\"elementor-element elementor-element-716fa74 elementor-shape-circle e-grid-align-left elementor-grid-0 elementor-widget elementor-widget-social-icons\" data-id=\"716fa74\" data-element_type=\"widget\" data-e-type=\"widget\" data-widget_type=\"social-icons.default\">\n\t\t\t\t<div class=\"elementor-widget-container\">\n\t\t\t\t\t\t\t<div class=\"elementor-social-icons-wrapper elementor-grid\">\n\t\t\t\t\t\t\t<span class=\"elementor-grid-item\">\n\t\t\t\t\t<a class=\"elementor-icon elementor-social-icon elementor-social-icon-envelope elementor-animation-grow-rotate elementor-repeater-item-44b7031\" href=\"mailto:vicente.rojas@utalca.cl\" target=\"_blank\">\n\t\t\t\t\t\t<span class=\"elementor-screen-only\">Envelope<\/span>\n\t\t\t\t\t\t<i aria-hidden=\"true\" class=\"fas fa-envelope\"><\/i>\t\t\t\t\t<\/a>\n\t\t\t\t<\/span>\n\t\t\t\t\t<\/div>\n\t\t\t\t\t\t<\/div>\n\t\t\t\t<\/div>\n\t\t\t\t\t<\/div>\n\t\t<\/div>\n\t\t\t\t\t<\/div>\n\t\t<\/section>\n\t\t\t\t\t<\/div>\n\t\t<\/div>\n\t\t\t\t<div class=\"elementor-column elementor-col-33 elementor-top-column elementor-element elementor-element-21eb72a\" data-id=\"21eb72a\" data-element_type=\"column\" data-e-type=\"column\">\n\t\t\t<div class=\"elementor-widget-wrap elementor-element-populated\">\n\t\t\t\t\t\t<section class=\"elementor-section elementor-inner-section elementor-element elementor-element-f944476 elementor-section-boxed elementor-section-height-default elementor-section-height-default\" data-id=\"f944476\" data-element_type=\"section\" data-e-type=\"section\">\n\t\t\t\t\t\t<div class=\"elementor-container elementor-column-gap-default\">\n\t\t\t\t\t<div class=\"elementor-column elementor-col-33 elementor-inner-column elementor-element elementor-element-a0e76d7\" data-id=\"a0e76d7\" data-element_type=\"column\" data-e-type=\"column\">\n\t\t\t<div class=\"elementor-widget-wrap elementor-element-populated\">\n\t\t\t\t\t\t<div class=\"elementor-element elementor-element-34af978 elementor-widget elementor-widget-image\" data-id=\"34af978\" data-element_type=\"widget\" data-e-type=\"widget\" data-widget_type=\"image.default\">\n\t\t\t\t<div class=\"elementor-widget-container\">\n\t\t\t\t\t\t\t\t\t\t\t\t\t\t\t<img decoding=\"async\" width=\"186\" height=\"186\" src=\"https:\/\/bioinformatica.utalca.cl\/wp-content\/uploads\/2020\/11\/silueta.png\" class=\"attachment-large size-large wp-image-317\" alt=\"\" srcset=\"https:\/\/bioinformatica.utalca.cl\/wp-content\/uploads\/2020\/11\/silueta.png 186w, https:\/\/bioinformatica.utalca.cl\/wp-content\/uploads\/2020\/11\/silueta-150x150.png 150w\" sizes=\"(max-width: 186px) 100vw, 186px\" \/>\t\t\t\t\t\t\t\t\t\t\t\t\t\t\t<\/div>\n\t\t\t\t<\/div>\n\t\t\t\t\t<\/div>\n\t\t<\/div>\n\t\t\t\t<div class=\"elementor-column elementor-col-66 elementor-inner-column elementor-element elementor-element-eed5768\" data-id=\"eed5768\" data-element_type=\"column\" data-e-type=\"column\">\n\t\t\t<div class=\"elementor-widget-wrap elementor-element-populated\">\n\t\t\t\t\t\t<div class=\"elementor-element elementor-element-eb838f5 elementor-widget elementor-widget-heading\" data-id=\"eb838f5\" data-element_type=\"widget\" data-e-type=\"widget\" data-widget_type=\"heading.default\">\n\t\t\t\t<div class=\"elementor-widget-container\">\n\t\t\t\t\t<h4 class=\"elementor-heading-title elementor-size-default\">Ignacia Chamorro<\/h4>\t\t\t\t<\/div>\n\t\t\t\t<\/div>\n\t\t\t\t<div class=\"elementor-element elementor-element-b224f2e elementor-widget elementor-widget-text-editor\" data-id=\"b224f2e\" data-element_type=\"widget\" data-e-type=\"widget\" data-widget_type=\"text-editor.default\">\n\t\t\t\t<div class=\"elementor-widget-container\">\n\t\t\t\t\t\t\t\t\t<p><strong>Cargo:<\/strong><span> Encargada Laboratorio Ingenier\u00eda de Prote\u00ednas y Microscop\u00eda<br><br><\/span><\/p>\t\t\t\t\t\t\t\t<\/div>\n\t\t\t\t<\/div>\n\t\t\t\t<div class=\"elementor-element elementor-element-1518fce elementor-shape-circle e-grid-align-left elementor-grid-0 elementor-widget elementor-widget-social-icons\" data-id=\"1518fce\" data-element_type=\"widget\" data-e-type=\"widget\" data-widget_type=\"social-icons.default\">\n\t\t\t\t<div class=\"elementor-widget-container\">\n\t\t\t\t\t\t\t<div class=\"elementor-social-icons-wrapper elementor-grid\">\n\t\t\t\t\t\t\t<span class=\"elementor-grid-item\">\n\t\t\t\t\t<a class=\"elementor-icon elementor-social-icon elementor-social-icon-envelope elementor-animation-grow-rotate elementor-repeater-item-44b7031\" href=\"mailto:ignacia.chamorro@utalca.cl\" target=\"_blank\">\n\t\t\t\t\t\t<span class=\"elementor-screen-only\">Envelope<\/span>\n\t\t\t\t\t\t<i aria-hidden=\"true\" class=\"fas fa-envelope\"><\/i>\t\t\t\t\t<\/a>\n\t\t\t\t<\/span>\n\t\t\t\t\t<\/div>\n\t\t\t\t\t\t<\/div>\n\t\t\t\t<\/div>\n\t\t\t\t\t<\/div>\n\t\t<\/div>\n\t\t\t\t\t<\/div>\n\t\t<\/section>\n\t\t\t\t\t<\/div>\n\t\t<\/div>\n\t\t\t\t\t<\/div>\n\t\t<\/section>\n\t\t\t\t<section class=\"elementor-section elementor-top-section elementor-element elementor-element-7fad33b elementor-section-boxed elementor-section-height-default elementor-section-height-default\" data-id=\"7fad33b\" data-element_type=\"section\" data-e-type=\"section\">\n\t\t\t\t\t\t<div class=\"elementor-container elementor-column-gap-default\">\n\t\t\t\t\t<div class=\"elementor-column elementor-col-100 elementor-top-column elementor-element elementor-element-778e259\" data-id=\"778e259\" data-element_type=\"column\" data-e-type=\"column\">\n\t\t\t<div class=\"elementor-widget-wrap\">\n\t\t\t\t\t\t\t<\/div>\n\t\t<\/div>\n\t\t\t\t\t<\/div>\n\t\t<\/section>\n\t\t\t\t<section class=\"elementor-section elementor-top-section elementor-element elementor-element-41a908e4 elementor-section-boxed elementor-section-height-default elementor-section-height-default\" data-id=\"41a908e4\" data-element_type=\"section\" data-e-type=\"section\">\n\t\t\t\t\t\t<div class=\"elementor-container elementor-column-gap-default\">\n\t\t\t\t\t<div class=\"elementor-column elementor-col-100 elementor-top-column elementor-element elementor-element-2fd92ab9\" data-id=\"2fd92ab9\" data-element_type=\"column\" data-e-type=\"column\">\n\t\t\t<div class=\"elementor-widget-wrap elementor-element-populated\">\n\t\t\t\t\t\t<div class=\"elementor-element elementor-element-6b5e60f8 elementor-widget-divider--view-line elementor-widget elementor-widget-divider\" data-id=\"6b5e60f8\" data-element_type=\"widget\" data-e-type=\"widget\" data-widget_type=\"divider.default\">\n\t\t\t\t<div class=\"elementor-widget-container\">\n\t\t\t\t\t\t\t<div class=\"elementor-divider\">\n\t\t\t<span class=\"elementor-divider-separator\">\n\t\t\t\t\t\t<\/span>\n\t\t<\/div>\n\t\t\t\t\t\t<\/div>\n\t\t\t\t<\/div>\n\t\t\t\t\t<\/div>\n\t\t<\/div>\n\t\t\t\t\t<\/div>\n\t\t<\/section>\n\t\t\t\t<section class=\"elementor-section elementor-top-section elementor-element elementor-element-7f46836 elementor-section-boxed elementor-section-height-default elementor-section-height-default\" data-id=\"7f46836\" data-element_type=\"section\" data-e-type=\"section\">\n\t\t\t\t\t\t<div class=\"elementor-container elementor-column-gap-default\">\n\t\t\t\t\t<div class=\"elementor-column elementor-col-100 elementor-top-column elementor-element elementor-element-b0fd1f2\" data-id=\"b0fd1f2\" data-element_type=\"column\" data-e-type=\"column\">\n\t\t\t<div class=\"elementor-widget-wrap elementor-element-populated\">\n\t\t\t\t\t\t<div class=\"elementor-element elementor-element-fc5af2b elementor-widget elementor-widget-heading\" data-id=\"fc5af2b\" data-element_type=\"widget\" data-e-type=\"widget\" data-widget_type=\"heading.default\">\n\t\t\t\t<div class=\"elementor-widget-container\">\n\t\t\t\t\t<h2 class=\"elementor-heading-title elementor-size-default\">Noticias<\/h2>\t\t\t\t<\/div>\n\t\t\t\t<\/div>\n\t\t\t\t<div class=\"elementor-element elementor-element-17bc15b elementor-widget elementor-widget-obfx-posts-grid\" data-id=\"17bc15b\" data-element_type=\"widget\" data-e-type=\"widget\" data-widget_type=\"obfx-posts-grid.default\">\n\t\t\t\t<div class=\"elementor-widget-container\">\n\t\t\t\t\t<div class=\"obfx-grid\"><div class=\"obfx-grid-container obfx-grid-desktop-3\"><div class=\"obfx-grid-wrapper\"><article class=\"obfx-grid-col\"><div class=\"obfx-grid-col-image\" style=\"\"><a href=\"https:\/\/bioinformatica.utalca.cl\/?p=2259\" title=\"Ingenier\u00eda Civil en Bioinform\u00e1tica obtiene certificaci\u00f3n por 6 a\u00f1os y alcanza Alto Nivel de Excelencia\"><img decoding=\"async\" width=\"360\" height=\"240\" src=\"https:\/\/bioinformatica.utalca.cl\/wp-content\/uploads\/2026\/03\/certificada-bioinfo-360x240.jpeg\" class=\"img-responsive wp-post-image\" alt=\"certificada-bioinfo\" \/><\/a><\/div><div class=\"obfx-grid-col-content\">\t\t\t<h2 class=\"entry-title obfx-grid-title\">\n\t\t\t\t\t\t\t<a href=\"https:\/\/bioinformatica.utalca.cl\/?p=2259\" title=\"Ingenier\u00eda Civil en Bioinform\u00e1tica obtiene certificaci\u00f3n por 6 a\u00f1os y alcanza Alto Nivel de Excelencia\">\n\t\t\t\t\tIngenier\u00eda Civil en Bioinform\u00e1tica obtiene certificaci\u00f3n por 6 a\u00f1os y alcanza Alto Nivel de Excelencia\t\t\t\t<\/a>\n\t\t\t\t\t\t\t<\/h2>\n\t\t\t\t\t\t\t<div class=\"entry-meta obfx-grid-meta\">\n\n\t\t\t\t\t\t\t\t<span class=\"obfx-grid-categories\">\n\t\t\t\t\t\t\t\t\t<span class=\"obfx-grid-categories-item\">\n\t\t\t\t\t\t<a href=\"https:\/\/bioinformatica.utalca.cl\/?cat=1\"\n\t\t\t\t\t\t   title=\"Noticias\">\n\t\t\t\t\t\t\tNoticias\t\t\t\t\t\t<\/a>\n\t\t\t\t\t<\/span>\n\t\t\t\t\t\t\t\t<\/span>\n\t\t\t\n\t\t\t\t<\/div>\n\t\t\t\t\t\t\t<div class=\"entry-content obfx-grid-content\">\n\t\t\t\tLa certificaci\u00f3n otorgada por la Agencia Acreditadora de Chile reconoce altos est\u00e1ndares de calidad, una s\u00f3lida formaci\u00f3n y el compromiso con la mejora continua de la carrera. La carrera de&hellip;\t\t\t<\/div>\n\t\t\t<\/div><\/article><\/div><div class=\"obfx-grid-wrapper\"><article class=\"obfx-grid-col\"><div class=\"obfx-grid-col-image\" style=\"\"><a href=\"https:\/\/bioinformatica.utalca.cl\/?p=2251\" title=\"Ingenier\u00eda Civil en Bioinform\u00e1tica y Direcci\u00f3n de Innovaci\u00f3n de la Universidad de Talca visitan el Hospital de Teno para explorar colaboraci\u00f3n tecnol\u00f3gica.\"><img loading=\"lazy\" decoding=\"async\" width=\"360\" height=\"240\" src=\"https:\/\/bioinformatica.utalca.cl\/wp-content\/uploads\/2026\/01\/Screenshot-From-2026-01-22-15-55-10-360x240.png\" class=\"img-responsive wp-post-image\" alt=\"Screenshot From 2026-01-22 15-55-10\" \/><\/a><\/div><div class=\"obfx-grid-col-content\">\t\t\t<h2 class=\"entry-title obfx-grid-title\">\n\t\t\t\t\t\t\t<a href=\"https:\/\/bioinformatica.utalca.cl\/?p=2251\" title=\"Ingenier\u00eda Civil en Bioinform\u00e1tica y Direcci\u00f3n de Innovaci\u00f3n de la Universidad de Talca visitan el Hospital de Teno para explorar colaboraci\u00f3n tecnol\u00f3gica.\">\n\t\t\t\t\tIngenier\u00eda Civil en Bioinform\u00e1tica y Direcci\u00f3n de Innovaci\u00f3n de la Universidad de Talca visitan el Hospital de Teno para explorar colaboraci\u00f3n tecnol\u00f3gica.\t\t\t\t<\/a>\n\t\t\t\t\t\t\t<\/h2>\n\t\t\t\t\t\t\t<div class=\"entry-meta obfx-grid-meta\">\n\n\t\t\t\t\t\t\t\t<span class=\"obfx-grid-categories\">\n\t\t\t\t\t\t\t\t\t<span class=\"obfx-grid-categories-item\">\n\t\t\t\t\t\t<a href=\"https:\/\/bioinformatica.utalca.cl\/?cat=1\"\n\t\t\t\t\t\t   title=\"Noticias\">\n\t\t\t\t\t\t\tNoticias\t\t\t\t\t\t<\/a>\n\t\t\t\t\t<\/span>\n\t\t\t\t\t\t\t\t<\/span>\n\t\t\t\n\t\t\t\t<\/div>\n\t\t\t\t\t\t\t<div class=\"entry-content obfx-grid-content\">\n\t\t\t\tEn el marco de la pol\u00edtica de Vinculaci\u00f3n con el Medio de la Universidad de Talca, una delegaci\u00f3n integrada por la carrera de Ingenier\u00eda Civil en Bioinform\u00e1tica y la Direcci\u00f3n&hellip;\t\t\t<\/div>\n\t\t\t<\/div><\/article><\/div><div class=\"obfx-grid-wrapper\"><article class=\"obfx-grid-col\"><div class=\"obfx-grid-col-image\" style=\"\"><a href=\"https:\/\/bioinformatica.utalca.cl\/?p=2254\" title=\"Ingenier\u00eda Civil en Bioinform\u00e1tica conecta la academia e innovaci\u00f3n con taller \u201c\u00a1Da el Salto con la IA Generativa!\u201d\"><img loading=\"lazy\" decoding=\"async\" width=\"360\" height=\"240\" src=\"https:\/\/bioinformatica.utalca.cl\/wp-content\/uploads\/2026\/01\/Screenshot-From-2026-01-22-16-23-29-360x240.png\" class=\"img-responsive wp-post-image\" alt=\"Screenshot From 2026-01-22 16-23-29\" \/><\/a><\/div><div class=\"obfx-grid-col-content\">\t\t\t<h2 class=\"entry-title obfx-grid-title\">\n\t\t\t\t\t\t\t<a href=\"https:\/\/bioinformatica.utalca.cl\/?p=2254\" title=\"Ingenier\u00eda Civil en Bioinform\u00e1tica conecta la academia e innovaci\u00f3n con taller \u201c\u00a1Da el Salto con la IA Generativa!\u201d\">\n\t\t\t\t\tIngenier\u00eda Civil en Bioinform\u00e1tica conecta la academia e innovaci\u00f3n con taller \u201c\u00a1Da el Salto con la IA Generativa!\u201d\t\t\t\t<\/a>\n\t\t\t\t\t\t\t<\/h2>\n\t\t\t\t\t\t\t<div class=\"entry-meta obfx-grid-meta\">\n\n\t\t\t\t\t\t\t\t<span class=\"obfx-grid-categories\">\n\t\t\t\t\t\t\t\t\t<span class=\"obfx-grid-categories-item\">\n\t\t\t\t\t\t<a href=\"https:\/\/bioinformatica.utalca.cl\/?cat=1\"\n\t\t\t\t\t\t   title=\"Noticias\">\n\t\t\t\t\t\t\tNoticias\t\t\t\t\t\t<\/a>\n\t\t\t\t\t<\/span>\n\t\t\t\t\t\t\t\t<\/span>\n\t\t\t\n\t\t\t\t<\/div>\n\t\t\t\t\t\t\t<div class=\"entry-content obfx-grid-content\">\n\t\t\t\tLa Direcci\u00f3n de Innovaci\u00f3n de la Universidad de Talca, en colaboraci\u00f3n con la Universidad de Chile y la Escuela de Ingenier\u00eda Civil en Bioinform\u00e1tica, realiz\u00f3 el taller \u201c\u00a1Da el Salto&hellip;\t\t\t<\/div>\n\t\t\t<\/div><\/article><\/div><\/div><!-- .obfx-grid-container --><\/div><!-- .obfx-grid -->\t\t\t\t<\/div>\n\t\t\t\t<\/div>\n\t\t\t\t\t<\/div>\n\t\t<\/div>\n\t\t\t\t\t<\/div>\n\t\t<\/section>\n\t\t\t\t<section class=\"elementor-section elementor-top-section elementor-element elementor-element-5ea3bbe elementor-section-height-min-height elementor-section-boxed elementor-section-height-default elementor-section-items-middle\" data-id=\"5ea3bbe\" data-element_type=\"section\" data-e-type=\"section\" data-settings=\"{&quot;background_background&quot;:&quot;classic&quot;}\">\n\t\t\t\t\t\t<div class=\"elementor-container elementor-column-gap-default\">\n\t\t\t\t\t<div class=\"elementor-column elementor-col-100 elementor-top-column elementor-element elementor-element-5f33d910\" data-id=\"5f33d910\" data-element_type=\"column\" data-e-type=\"column\">\n\t\t\t<div class=\"elementor-widget-wrap elementor-element-populated\">\n\t\t\t\t\t\t<div class=\"elementor-element elementor-element-7ee58d9a elementor-widget elementor-widget-heading\" data-id=\"7ee58d9a\" data-element_type=\"widget\" data-e-type=\"widget\" data-widget_type=\"heading.default\">\n\t\t\t\t<div class=\"elementor-widget-container\">\n\t\t\t\t\t<h2 class=\"elementor-heading-title elementor-size-default\">Suscr\u00edbete con nosotros<\/h2>\t\t\t\t<\/div>\n\t\t\t\t<\/div>\n\t\t\t\t<section class=\"elementor-section elementor-inner-section elementor-element elementor-element-44d09b1 elementor-section-full_width elementor-section-height-min-height elementor-section-height-default\" data-id=\"44d09b1\" data-element_type=\"section\" data-e-type=\"section\" data-settings=\"{&quot;background_background&quot;:&quot;classic&quot;}\">\n\t\t\t\t\t\t<div class=\"elementor-container elementor-column-gap-default\">\n\t\t\t\t\t<div class=\"elementor-column elementor-col-100 elementor-inner-column elementor-element elementor-element-31eb80\" data-id=\"31eb80\" data-element_type=\"column\" data-e-type=\"column\">\n\t\t\t<div class=\"elementor-widget-wrap elementor-element-populated\">\n\t\t\t\t\t\t<div class=\"elementor-element elementor-element-d67e78e elementor-widget elementor-widget-shortcode\" data-id=\"d67e78e\" data-element_type=\"widget\" data-e-type=\"widget\" data-widget_type=\"shortcode.default\">\n\t\t\t\t<div class=\"elementor-widget-container\">\n\t\t\t\t\t\t\t<div class=\"elementor-shortcode\">[sibwp_form id=2]<\/div>\n\t\t\t\t\t\t<\/div>\n\t\t\t\t<\/div>\n\t\t\t\t\t<\/div>\n\t\t<\/div>\n\t\t\t\t\t<\/div>\n\t\t<\/section>\n\t\t\t\t\t<\/div>\n\t\t<\/div>\n\t\t\t\t\t<\/div>\n\t\t<\/section>\n\t\t\t\t<\/div>\n\t\t","protected":false},"excerpt":{"rendered":"<p>Administrativos Yasna Pe\u00f1a Tel\u00e9fono:\u00a0071 &#8211; 201685Cargo:\u00a0Asistente de Escuela Envelope Vicente Rojas Cargo: Administrador de Sistemas Envelope Ignacia Chamorro Cargo: Encargada Laboratorio Ingenier\u00eda de Prote\u00ednas y Microscop\u00eda Envelope Noticias Ariela Vergara, acad\u00e9mica y Directora de Innovaci\u00f3n UTalca, liderar\u00e1 proyecto ANID para combatir bacterias resistentes Noticias La investigadora, formada \u00edntegramente en la [&hellip;]<\/p>\n","protected":false},"author":1,"featured_media":0,"parent":0,"menu_order":0,"comment_status":"closed","ping_status":"closed","template":"page-templates\/template-pagebuilder-full-width.php","meta":{"_themeisle_gutenberg_block_has_review":false,"footnotes":""},"class_list":["post-931","page","type-page","status-publish","hentry"],"_links":{"self":[{"href":"https:\/\/bioinformatica.utalca.cl\/index.php?rest_route=\/wp\/v2\/pages\/931","targetHints":{"allow":["GET"]}}],"collection":[{"href":"https:\/\/bioinformatica.utalca.cl\/index.php?rest_route=\/wp\/v2\/pages"}],"about":[{"href":"https:\/\/bioinformatica.utalca.cl\/index.php?rest_route=\/wp\/v2\/types\/page"}],"author":[{"embeddable":true,"href":"https:\/\/bioinformatica.utalca.cl\/index.php?rest_route=\/wp\/v2\/users\/1"}],"replies":[{"embeddable":true,"href":"https:\/\/bioinformatica.utalca.cl\/index.php?rest_route=%2Fwp%2Fv2%2Fcomments&post=931"}],"version-history":[{"count":40,"href":"https:\/\/bioinformatica.utalca.cl\/index.php?rest_route=\/wp\/v2\/pages\/931\/revisions"}],"predecessor-version":[{"id":2145,"href":"https:\/\/bioinformatica.utalca.cl\/index.php?rest_route=\/wp\/v2\/pages\/931\/revisions\/2145"}],"wp:attachment":[{"href":"https:\/\/bioinformatica.utalca.cl\/index.php?rest_route=%2Fwp%2Fv2%2Fmedia&parent=931"}],"curies":[{"name":"wp","href":"https:\/\/api.w.org\/{rel}","templated":true}]}}