{"id":899,"date":"2020-11-09T15:44:54","date_gmt":"2020-11-09T18:44:54","guid":{"rendered":"http:\/\/icb.utalca.cl\/?page_id=899"},"modified":"2025-09-12T23:25:41","modified_gmt":"2025-09-13T02:25:41","slug":"descripcion","status":"publish","type":"page","link":"https:\/\/bioinformatica.utalca.cl\/?page_id=899","title":{"rendered":"Descripci\u00f3n"},"content":{"rendered":"\t\t<div data-elementor-type=\"wp-page\" data-elementor-id=\"899\" class=\"elementor elementor-899\">\n\t\t\t\t\t\t<section class=\"elementor-section elementor-top-section elementor-element elementor-element-74c015aa elementor-section-boxed elementor-section-height-default elementor-section-height-default\" data-id=\"74c015aa\" data-element_type=\"section\" data-e-type=\"section\" data-settings=\"{&quot;background_background&quot;:&quot;gradient&quot;}\">\n\t\t\t\t\t\t<div class=\"elementor-container elementor-column-gap-default\">\n\t\t\t\t\t<div class=\"elementor-column elementor-col-100 elementor-top-column elementor-element elementor-element-60171464\" data-id=\"60171464\" data-element_type=\"column\" data-e-type=\"column\">\n\t\t\t<div class=\"elementor-widget-wrap elementor-element-populated\">\n\t\t\t\t\t\t<div class=\"elementor-element elementor-element-272156ad elementor-widget elementor-widget-heading\" data-id=\"272156ad\" data-element_type=\"widget\" data-e-type=\"widget\" data-widget_type=\"heading.default\">\n\t\t\t\t<div class=\"elementor-widget-container\">\n\t\t\t\t\t<h2 class=\"elementor-heading-title elementor-size-default\">Ingenier\u00eda Civil en Bioinform\u00e1tica<\/h2>\t\t\t\t<\/div>\n\t\t\t\t<\/div>\n\t\t\t\t\t<\/div>\n\t\t<\/div>\n\t\t\t\t\t<\/div>\n\t\t<\/section>\n\t\t\t\t<section class=\"elementor-section elementor-top-section elementor-element elementor-element-2991836 elementor-section-boxed elementor-section-height-default elementor-section-height-default\" data-id=\"2991836\" data-element_type=\"section\" data-e-type=\"section\">\n\t\t\t\t\t\t<div class=\"elementor-container elementor-column-gap-default\">\n\t\t\t\t\t<div class=\"elementor-column elementor-col-100 elementor-top-column elementor-element elementor-element-75c2013\" data-id=\"75c2013\" data-element_type=\"column\" data-e-type=\"column\">\n\t\t\t<div class=\"elementor-widget-wrap\">\n\t\t\t\t\t\t\t<\/div>\n\t\t<\/div>\n\t\t\t\t\t<\/div>\n\t\t<\/section>\n\t\t\t\t<section class=\"elementor-section elementor-top-section elementor-element elementor-element-619216b elementor-section-boxed elementor-section-height-default elementor-section-height-default\" data-id=\"619216b\" data-element_type=\"section\" data-e-type=\"section\">\n\t\t\t\t\t\t<div class=\"elementor-container elementor-column-gap-default\">\n\t\t\t\t\t<div class=\"elementor-column elementor-col-100 elementor-top-column elementor-element elementor-element-18ddf06\" data-id=\"18ddf06\" data-element_type=\"column\" data-e-type=\"column\">\n\t\t\t<div class=\"elementor-widget-wrap elementor-element-populated\">\n\t\t\t\t\t\t<div class=\"elementor-element elementor-element-f694480 elementor-widget-divider--view-line elementor-widget elementor-widget-divider\" data-id=\"f694480\" data-element_type=\"widget\" data-e-type=\"widget\" data-widget_type=\"divider.default\">\n\t\t\t\t<div class=\"elementor-widget-container\">\n\t\t\t\t\t\t\t<div class=\"elementor-divider\">\n\t\t\t<span class=\"elementor-divider-separator\">\n\t\t\t\t\t\t<\/span>\n\t\t<\/div>\n\t\t\t\t\t\t<\/div>\n\t\t\t\t<\/div>\n\t\t\t\t<div class=\"elementor-element elementor-element-fe10542 elementor-widget elementor-widget-heading\" data-id=\"fe10542\" data-element_type=\"widget\" data-e-type=\"widget\" data-widget_type=\"heading.default\">\n\t\t\t\t<div class=\"elementor-widget-container\">\n\t\t\t\t\t<h4 class=\"elementor-heading-title elementor-size-default\">T\u00cdTULO PROFESIONAL: INGENIERO\/A CIVIL EN BIOINFORM\u00c1TICA\n<\/h4>\t\t\t\t<\/div>\n\t\t\t\t<\/div>\n\t\t\t\t<div class=\"elementor-element elementor-element-3eeb9fd elementor-widget elementor-widget-heading\" data-id=\"3eeb9fd\" data-element_type=\"widget\" data-e-type=\"widget\" data-widget_type=\"heading.default\">\n\t\t\t\t<div class=\"elementor-widget-container\">\n\t\t\t\t\t<h4 class=\"elementor-heading-title elementor-size-default\">GRADO ACAD\u00c9MICO: BACHILLER EN CIENCIAS B\u00c1SICAS<\/h4>\t\t\t\t<\/div>\n\t\t\t\t<\/div>\n\t\t\t\t<div class=\"elementor-element elementor-element-3d6ed73 elementor-widget elementor-widget-heading\" data-id=\"3d6ed73\" data-element_type=\"widget\" data-e-type=\"widget\" data-widget_type=\"heading.default\">\n\t\t\t\t<div class=\"elementor-widget-container\">\n\t\t\t\t\t<h4 class=\"elementor-heading-title elementor-size-default\">LICENCIADO EN CIENCIAS DE LA INGENIER\u00cdA<\/h4>\t\t\t\t<\/div>\n\t\t\t\t<\/div>\n\t\t\t\t<div class=\"elementor-element elementor-element-2881975 elementor-widget elementor-widget-heading\" data-id=\"2881975\" data-element_type=\"widget\" data-e-type=\"widget\" data-widget_type=\"heading.default\">\n\t\t\t\t<div class=\"elementor-widget-container\">\n\t\t\t\t\t<h4 class=\"elementor-heading-title elementor-size-default\">SEDE: CAMPUS TALCA\n<\/h4>\t\t\t\t<\/div>\n\t\t\t\t<\/div>\n\t\t\t\t<div class=\"elementor-element elementor-element-cc7520f elementor-widget-divider--view-line elementor-widget elementor-widget-divider\" data-id=\"cc7520f\" data-element_type=\"widget\" data-e-type=\"widget\" data-widget_type=\"divider.default\">\n\t\t\t\t<div class=\"elementor-widget-container\">\n\t\t\t\t\t\t\t<div class=\"elementor-divider\">\n\t\t\t<span class=\"elementor-divider-separator\">\n\t\t\t\t\t\t<\/span>\n\t\t<\/div>\n\t\t\t\t\t\t<\/div>\n\t\t\t\t<\/div>\n\t\t\t\t<section class=\"elementor-section elementor-inner-section elementor-element elementor-element-854fa6b elementor-section-boxed elementor-section-height-default elementor-section-height-default\" data-id=\"854fa6b\" data-element_type=\"section\" data-e-type=\"section\">\n\t\t\t\t\t\t<div class=\"elementor-container elementor-column-gap-default\">\n\t\t\t\t\t<div class=\"elementor-column elementor-col-100 elementor-inner-column elementor-element elementor-element-6582b24\" data-id=\"6582b24\" data-element_type=\"column\" data-e-type=\"column\">\n\t\t\t<div class=\"elementor-widget-wrap elementor-element-populated\">\n\t\t\t\t\t\t<div class=\"elementor-element elementor-element-151b3b7 elementor-widget elementor-widget-text-editor\" data-id=\"151b3b7\" data-element_type=\"widget\" data-e-type=\"widget\" data-widget_type=\"text-editor.default\">\n\t\t\t\t<div class=\"elementor-widget-container\">\n\t\t\t\t\t\t\t\t\tLa carrera de Ingenier\u00eda Civil en Bioinform\u00e1tica tiene como prop\u00f3sito desarrollar profesionales con base cient\u00edfica y tecnol\u00f3gica, capaces de integrar conocimientos de la biolog\u00eda, la computaci\u00f3n, la ingenier\u00eda y las matem\u00e1ticas para comprender, modelar y resolver problemas complejos en sistemas biol\u00f3gicos y qu\u00edmicos.\n\nLa formaci\u00f3n contempla el an\u00e1lisis e interpretaci\u00f3n de datos propios de la bioinform\u00e1tica, la simulaci\u00f3n de procesos biol\u00f3gicos, el dise\u00f1o de soluciones computacionales eficientes y la aplicaci\u00f3n de metodolog\u00edas avanzadas para el procesamiento, modelado y extracci\u00f3n de conocimiento a partir de grandes vol\u00famenes de informaci\u00f3n. Estos conocimientos se aplican en \u00e1mbitos como la salud, la biotecnolog\u00eda y el medioambiente, entre otros desaf\u00edos relevantes de car\u00e1cter cient\u00edfico, tecnol\u00f3gico y social.\n\nEl plan promueve el pensamiento cr\u00edtico, la creatividad, la \u00e9tica profesional y el trabajo interdisciplinario, permitiendo que las y los egresados lideren iniciativas con impacto local y global. Se fomenta una formaci\u00f3n integral, con \u00e9nfasis en la innovaci\u00f3n, la sustentabilidad y el emprendimiento, preparando a las y los estudiantes para desenvolverse en una sociedad basada en el conocimiento y en constante transformaci\u00f3n.\t\t\t\t\t\t\t\t<\/div>\n\t\t\t\t<\/div>\n\t\t\t\t\t<\/div>\n\t\t<\/div>\n\t\t\t\t\t<\/div>\n\t\t<\/section>\n\t\t\t\t<div class=\"elementor-element elementor-element-a07b3aa elementor-widget elementor-widget-heading\" data-id=\"a07b3aa\" data-element_type=\"widget\" data-e-type=\"widget\" data-widget_type=\"heading.default\">\n\t\t\t\t<div class=\"elementor-widget-container\">\n\t\t\t\t\t<h2 class=\"elementor-heading-title elementor-size-default\"><br>Campo Ocupacional<\/h2>\t\t\t\t<\/div>\n\t\t\t\t<\/div>\n\t\t\t\t<div class=\"elementor-element elementor-element-06ba407 elementor-widget elementor-widget-text-editor\" data-id=\"06ba407\" data-element_type=\"widget\" data-e-type=\"widget\" data-widget_type=\"text-editor.default\">\n\t\t\t\t<div class=\"elementor-widget-container\">\n\t\t\t\t\t\t\t\t\t<ul>\n<li><strong>Computaci\u00f3n\/Inform\u00e1tica:<\/strong> Desarrollar software y sistemas de informaci\u00f3n, crear y dise\u00f1ar bases de datos, administrar sistemas inform\u00e1ticos.<\/li>\n<li><strong>Inform\u00e1tica Biom\u00e9dica:<\/strong> Analizar datos de registros m\u00e9dicos para detectar predisposici\u00f3n a enfermedades, mejorar procesos cl\u00ednico-asistenciales y optimizar la utilizaci\u00f3n de recursos p\u00fablicos y privados.<\/li>\n<li><strong>Biotecnolog\u00eda:<\/strong> Desarrollar investigaci\u00f3n en \u00e1reas de Gen\u00f3mica, Prote\u00f3mica y Qu\u00edmica Computacional.<\/li>\n<li><strong>Industria Farmac\u00e9utica:<\/strong> Explorar t\u00e9cnicas computacionales, simulaci\u00f3n molecular y ciencia de datos para el dise\u00f1o racional de f\u00e1rmacos con menores efectos secundarios.<\/li>\n<li><strong>Agricultura:<\/strong> Optimizar la producci\u00f3n agr\u00edcola a trav\u00e9s del an\u00e1lisis de datos y desarrollo de soluciones tecnol\u00f3gicas.<\/li>\n<li><strong>Investigaci\u00f3n y Desarrollo:<\/strong> Generar y promover iniciativas de I+D que potencien la aplicaci\u00f3n de tecnolog\u00edas.<\/li>\n<li><b>Ciencia de datos:<\/b> Recopilar, limpiar y analizar datos de diversas fuentes para extraer informaci\u00f3n valiosa que ayude a las organizaciones, proyectos I+D, o cualquier otro entorno, a tomar decisiones informadas basadas en an\u00e1lisis estad\u00edstico, miner\u00eda de datos o an\u00e1lisis de big data, machine learning.<br><\/li>\n<li><strong>Gesti\u00f3n de las Personas:<\/strong> Liderar equipos de trabajo multidisciplinarios, con objetivos colaborativos, fundamentados en la \u00e9tica, empat\u00eda, transparencia, responsabilidad e innovaci\u00f3n.<\/li>\n<\/ul>\t\t\t\t\t\t\t\t<\/div>\n\t\t\t\t<\/div>\n\t\t\t\t\t<\/div>\n\t\t<\/div>\n\t\t\t\t\t<\/div>\n\t\t<\/section>\n\t\t\t\t<section class=\"elementor-section elementor-top-section elementor-element elementor-element-7f46836 elementor-section-boxed elementor-section-height-default elementor-section-height-default\" data-id=\"7f46836\" data-element_type=\"section\" data-e-type=\"section\">\n\t\t\t\t\t\t<div class=\"elementor-container elementor-column-gap-default\">\n\t\t\t\t\t<div class=\"elementor-column elementor-col-100 elementor-top-column elementor-element elementor-element-b0fd1f2\" data-id=\"b0fd1f2\" data-element_type=\"column\" data-e-type=\"column\">\n\t\t\t<div class=\"elementor-widget-wrap elementor-element-populated\">\n\t\t\t\t\t\t<div class=\"elementor-element elementor-element-11927e28 elementor-widget-divider--view-line elementor-widget elementor-widget-divider\" data-id=\"11927e28\" data-element_type=\"widget\" data-e-type=\"widget\" data-widget_type=\"divider.default\">\n\t\t\t\t<div class=\"elementor-widget-container\">\n\t\t\t\t\t\t\t<div class=\"elementor-divider\">\n\t\t\t<span class=\"elementor-divider-separator\">\n\t\t\t\t\t\t<\/span>\n\t\t<\/div>\n\t\t\t\t\t\t<\/div>\n\t\t\t\t<\/div>\n\t\t\t\t<div class=\"elementor-element elementor-element-fc5af2b elementor-widget elementor-widget-heading\" data-id=\"fc5af2b\" data-element_type=\"widget\" data-e-type=\"widget\" data-widget_type=\"heading.default\">\n\t\t\t\t<div class=\"elementor-widget-container\">\n\t\t\t\t\t<h2 class=\"elementor-heading-title elementor-size-default\">Noticias<\/h2>\t\t\t\t<\/div>\n\t\t\t\t<\/div>\n\t\t\t\t<div class=\"elementor-element elementor-element-17bc15b elementor-widget elementor-widget-obfx-posts-grid\" data-id=\"17bc15b\" data-element_type=\"widget\" data-e-type=\"widget\" data-widget_type=\"obfx-posts-grid.default\">\n\t\t\t\t<div class=\"elementor-widget-container\">\n\t\t\t\t\t<div class=\"obfx-grid\"><div class=\"obfx-grid-container obfx-grid-desktop-3\"><div class=\"obfx-grid-wrapper\"><article class=\"obfx-grid-col\"><div class=\"obfx-grid-col-image\" style=\"\"><a href=\"https:\/\/bioinformatica.utalca.cl\/?p=2259\" title=\"Ingenier\u00eda Civil en Bioinform\u00e1tica obtiene certificaci\u00f3n por 6 a\u00f1os y alcanza Alto Nivel de Excelencia\"><img fetchpriority=\"high\" decoding=\"async\" width=\"360\" height=\"240\" src=\"https:\/\/bioinformatica.utalca.cl\/wp-content\/uploads\/2026\/03\/certificada-bioinfo-360x240.jpeg\" class=\"img-responsive wp-post-image\" alt=\"certificada-bioinfo\" \/><\/a><\/div><div class=\"obfx-grid-col-content\">\t\t\t<h2 class=\"entry-title obfx-grid-title\">\n\t\t\t\t\t\t\t<a href=\"https:\/\/bioinformatica.utalca.cl\/?p=2259\" title=\"Ingenier\u00eda Civil en Bioinform\u00e1tica obtiene certificaci\u00f3n por 6 a\u00f1os y alcanza Alto Nivel de Excelencia\">\n\t\t\t\t\tIngenier\u00eda Civil en Bioinform\u00e1tica obtiene certificaci\u00f3n por 6 a\u00f1os y alcanza Alto Nivel de Excelencia\t\t\t\t<\/a>\n\t\t\t\t\t\t\t<\/h2>\n\t\t\t\t\t\t\t<div class=\"entry-meta obfx-grid-meta\">\n\n\t\t\t\t\t\t\t\t<span class=\"obfx-grid-categories\">\n\t\t\t\t\t\t\t\t\t<span class=\"obfx-grid-categories-item\">\n\t\t\t\t\t\t<a href=\"https:\/\/bioinformatica.utalca.cl\/?cat=1\"\n\t\t\t\t\t\t   title=\"Noticias\">\n\t\t\t\t\t\t\tNoticias\t\t\t\t\t\t<\/a>\n\t\t\t\t\t<\/span>\n\t\t\t\t\t\t\t\t<\/span>\n\t\t\t\n\t\t\t\t<\/div>\n\t\t\t\t\t\t\t<div class=\"entry-content obfx-grid-content\">\n\t\t\t\tLa certificaci\u00f3n otorgada por la Agencia Acreditadora de Chile reconoce altos est\u00e1ndares de calidad, una s\u00f3lida formaci\u00f3n y el compromiso con la mejora continua de la carrera. La carrera de&hellip;\t\t\t<\/div>\n\t\t\t<\/div><\/article><\/div><div class=\"obfx-grid-wrapper\"><article class=\"obfx-grid-col\"><div class=\"obfx-grid-col-image\" style=\"\"><a href=\"https:\/\/bioinformatica.utalca.cl\/?p=2251\" title=\"Ingenier\u00eda Civil en Bioinform\u00e1tica y Direcci\u00f3n de Innovaci\u00f3n de la Universidad de Talca visitan el Hospital de Teno para explorar colaboraci\u00f3n tecnol\u00f3gica.\"><img decoding=\"async\" width=\"360\" height=\"240\" src=\"https:\/\/bioinformatica.utalca.cl\/wp-content\/uploads\/2026\/01\/Screenshot-From-2026-01-22-15-55-10-360x240.png\" class=\"img-responsive wp-post-image\" alt=\"Screenshot From 2026-01-22 15-55-10\" \/><\/a><\/div><div class=\"obfx-grid-col-content\">\t\t\t<h2 class=\"entry-title obfx-grid-title\">\n\t\t\t\t\t\t\t<a href=\"https:\/\/bioinformatica.utalca.cl\/?p=2251\" title=\"Ingenier\u00eda Civil en Bioinform\u00e1tica y Direcci\u00f3n de Innovaci\u00f3n de la Universidad de Talca visitan el Hospital de Teno para explorar colaboraci\u00f3n tecnol\u00f3gica.\">\n\t\t\t\t\tIngenier\u00eda Civil en Bioinform\u00e1tica y Direcci\u00f3n de Innovaci\u00f3n de la Universidad de Talca visitan el Hospital de Teno para explorar colaboraci\u00f3n tecnol\u00f3gica.\t\t\t\t<\/a>\n\t\t\t\t\t\t\t<\/h2>\n\t\t\t\t\t\t\t<div class=\"entry-meta obfx-grid-meta\">\n\n\t\t\t\t\t\t\t\t<span class=\"obfx-grid-categories\">\n\t\t\t\t\t\t\t\t\t<span class=\"obfx-grid-categories-item\">\n\t\t\t\t\t\t<a href=\"https:\/\/bioinformatica.utalca.cl\/?cat=1\"\n\t\t\t\t\t\t   title=\"Noticias\">\n\t\t\t\t\t\t\tNoticias\t\t\t\t\t\t<\/a>\n\t\t\t\t\t<\/span>\n\t\t\t\t\t\t\t\t<\/span>\n\t\t\t\n\t\t\t\t<\/div>\n\t\t\t\t\t\t\t<div class=\"entry-content obfx-grid-content\">\n\t\t\t\tEn el marco de la pol\u00edtica de Vinculaci\u00f3n con el Medio de la Universidad de Talca, una delegaci\u00f3n integrada por la carrera de Ingenier\u00eda Civil en Bioinform\u00e1tica y la Direcci\u00f3n&hellip;\t\t\t<\/div>\n\t\t\t<\/div><\/article><\/div><div class=\"obfx-grid-wrapper\"><article class=\"obfx-grid-col\"><div class=\"obfx-grid-col-image\" style=\"\"><a href=\"https:\/\/bioinformatica.utalca.cl\/?p=2254\" title=\"Ingenier\u00eda Civil en Bioinform\u00e1tica conecta la academia e innovaci\u00f3n con taller \u201c\u00a1Da el Salto con la IA Generativa!\u201d\"><img decoding=\"async\" width=\"360\" height=\"240\" src=\"https:\/\/bioinformatica.utalca.cl\/wp-content\/uploads\/2026\/01\/Screenshot-From-2026-01-22-16-23-29-360x240.png\" class=\"img-responsive wp-post-image\" alt=\"Screenshot From 2026-01-22 16-23-29\" \/><\/a><\/div><div class=\"obfx-grid-col-content\">\t\t\t<h2 class=\"entry-title obfx-grid-title\">\n\t\t\t\t\t\t\t<a href=\"https:\/\/bioinformatica.utalca.cl\/?p=2254\" title=\"Ingenier\u00eda Civil en Bioinform\u00e1tica conecta la academia e innovaci\u00f3n con taller \u201c\u00a1Da el Salto con la IA Generativa!\u201d\">\n\t\t\t\t\tIngenier\u00eda Civil en Bioinform\u00e1tica conecta la academia e innovaci\u00f3n con taller \u201c\u00a1Da el Salto con la IA Generativa!\u201d\t\t\t\t<\/a>\n\t\t\t\t\t\t\t<\/h2>\n\t\t\t\t\t\t\t<div class=\"entry-meta obfx-grid-meta\">\n\n\t\t\t\t\t\t\t\t<span class=\"obfx-grid-categories\">\n\t\t\t\t\t\t\t\t\t<span class=\"obfx-grid-categories-item\">\n\t\t\t\t\t\t<a href=\"https:\/\/bioinformatica.utalca.cl\/?cat=1\"\n\t\t\t\t\t\t   title=\"Noticias\">\n\t\t\t\t\t\t\tNoticias\t\t\t\t\t\t<\/a>\n\t\t\t\t\t<\/span>\n\t\t\t\t\t\t\t\t<\/span>\n\t\t\t\n\t\t\t\t<\/div>\n\t\t\t\t\t\t\t<div class=\"entry-content obfx-grid-content\">\n\t\t\t\tLa Direcci\u00f3n de Innovaci\u00f3n de la Universidad de Talca, en colaboraci\u00f3n con la Universidad de Chile y la Escuela de Ingenier\u00eda Civil en Bioinform\u00e1tica, realiz\u00f3 el taller \u201c\u00a1Da el Salto&hellip;\t\t\t<\/div>\n\t\t\t<\/div><\/article><\/div><\/div><!-- .obfx-grid-container --><\/div><!-- .obfx-grid -->\t\t\t\t<\/div>\n\t\t\t\t<\/div>\n\t\t\t\t\t<\/div>\n\t\t<\/div>\n\t\t\t\t\t<\/div>\n\t\t<\/section>\n\t\t\t\t<section class=\"elementor-section elementor-top-section elementor-element elementor-element-5ea3bbe elementor-section-height-min-height elementor-section-boxed elementor-section-height-default elementor-section-items-middle\" data-id=\"5ea3bbe\" data-element_type=\"section\" data-e-type=\"section\" data-settings=\"{&quot;background_background&quot;:&quot;classic&quot;}\">\n\t\t\t\t\t\t<div class=\"elementor-container elementor-column-gap-default\">\n\t\t\t\t\t<div class=\"elementor-column elementor-col-100 elementor-top-column elementor-element elementor-element-5f33d910\" data-id=\"5f33d910\" data-element_type=\"column\" data-e-type=\"column\">\n\t\t\t<div class=\"elementor-widget-wrap elementor-element-populated\">\n\t\t\t\t\t\t<div class=\"elementor-element elementor-element-7ee58d9a elementor-widget elementor-widget-heading\" data-id=\"7ee58d9a\" data-element_type=\"widget\" data-e-type=\"widget\" data-widget_type=\"heading.default\">\n\t\t\t\t<div class=\"elementor-widget-container\">\n\t\t\t\t\t<h2 class=\"elementor-heading-title elementor-size-default\">Suscr\u00edbete con nosotros<\/h2>\t\t\t\t<\/div>\n\t\t\t\t<\/div>\n\t\t\t\t<section class=\"elementor-section elementor-inner-section elementor-element elementor-element-44d09b1 elementor-section-full_width elementor-section-height-min-height elementor-section-height-default\" data-id=\"44d09b1\" data-element_type=\"section\" data-e-type=\"section\" data-settings=\"{&quot;background_background&quot;:&quot;classic&quot;}\">\n\t\t\t\t\t\t<div class=\"elementor-container elementor-column-gap-default\">\n\t\t\t\t\t<div class=\"elementor-column elementor-col-100 elementor-inner-column elementor-element elementor-element-31eb80\" data-id=\"31eb80\" data-element_type=\"column\" data-e-type=\"column\">\n\t\t\t<div class=\"elementor-widget-wrap elementor-element-populated\">\n\t\t\t\t\t\t<div class=\"elementor-element elementor-element-d67e78e elementor-widget elementor-widget-shortcode\" data-id=\"d67e78e\" data-element_type=\"widget\" data-e-type=\"widget\" data-widget_type=\"shortcode.default\">\n\t\t\t\t<div class=\"elementor-widget-container\">\n\t\t\t\t\t\t\t<div class=\"elementor-shortcode\">[sibwp_form id=2]<\/div>\n\t\t\t\t\t\t<\/div>\n\t\t\t\t<\/div>\n\t\t\t\t\t<\/div>\n\t\t<\/div>\n\t\t\t\t\t<\/div>\n\t\t<\/section>\n\t\t\t\t\t<\/div>\n\t\t<\/div>\n\t\t\t\t\t<\/div>\n\t\t<\/section>\n\t\t\t\t<\/div>\n\t\t","protected":false},"excerpt":{"rendered":"<p>Ingenier\u00eda Civil en Bioinform\u00e1tica T\u00cdTULO PROFESIONAL: INGENIERO\/A CIVIL EN BIOINFORM\u00c1TICA GRADO ACAD\u00c9MICO: BACHILLER EN CIENCIAS B\u00c1SICAS LICENCIADO EN CIENCIAS DE LA INGENIER\u00cdA SEDE: CAMPUS TALCA La carrera de Ingenier\u00eda Civil en Bioinform\u00e1tica tiene como prop\u00f3sito desarrollar profesionales con base cient\u00edfica y tecnol\u00f3gica, capaces de integrar conocimientos de la biolog\u00eda, la [&hellip;]<\/p>\n","protected":false},"author":1,"featured_media":0,"parent":0,"menu_order":0,"comment_status":"closed","ping_status":"closed","template":"page-templates\/template-pagebuilder-full-width.php","meta":{"_themeisle_gutenberg_block_has_review":false,"footnotes":""},"class_list":["post-899","page","type-page","status-publish","hentry"],"_links":{"self":[{"href":"https:\/\/bioinformatica.utalca.cl\/index.php?rest_route=\/wp\/v2\/pages\/899","targetHints":{"allow":["GET"]}}],"collection":[{"href":"https:\/\/bioinformatica.utalca.cl\/index.php?rest_route=\/wp\/v2\/pages"}],"about":[{"href":"https:\/\/bioinformatica.utalca.cl\/index.php?rest_route=\/wp\/v2\/types\/page"}],"author":[{"embeddable":true,"href":"https:\/\/bioinformatica.utalca.cl\/index.php?rest_route=\/wp\/v2\/users\/1"}],"replies":[{"embeddable":true,"href":"https:\/\/bioinformatica.utalca.cl\/index.php?rest_route=%2Fwp%2Fv2%2Fcomments&post=899"}],"version-history":[{"count":85,"href":"https:\/\/bioinformatica.utalca.cl\/index.php?rest_route=\/wp\/v2\/pages\/899\/revisions"}],"predecessor-version":[{"id":2181,"href":"https:\/\/bioinformatica.utalca.cl\/index.php?rest_route=\/wp\/v2\/pages\/899\/revisions\/2181"}],"wp:attachment":[{"href":"https:\/\/bioinformatica.utalca.cl\/index.php?rest_route=%2Fwp%2Fv2%2Fmedia&parent=899"}],"curies":[{"name":"wp","href":"https:\/\/api.w.org\/{rel}","templated":true}]}}