{"id":2227,"date":"2025-11-21T11:22:19","date_gmt":"2025-11-21T14:22:19","guid":{"rendered":"https:\/\/bioinformatica.utalca.cl\/?page_id=2227"},"modified":"2025-11-21T11:28:34","modified_gmt":"2025-11-21T14:28:34","slug":"autoevaluacion","status":"publish","type":"page","link":"https:\/\/bioinformatica.utalca.cl\/?page_id=2227","title":{"rendered":"autoevaluacion"},"content":{"rendered":"\t\t<div data-elementor-type=\"wp-page\" data-elementor-id=\"2227\" class=\"elementor elementor-2227\">\n\t\t\t\t\t\t<section class=\"elementor-section elementor-top-section elementor-element elementor-element-f435cea elementor-section-boxed elementor-section-height-default elementor-section-height-default\" data-id=\"f435cea\" data-element_type=\"section\" data-e-type=\"section\">\n\t\t\t\t\t\t<div class=\"elementor-container elementor-column-gap-default\">\n\t\t\t\t\t<div class=\"elementor-column elementor-col-100 elementor-top-column elementor-element elementor-element-1bf3f335\" data-id=\"1bf3f335\" data-element_type=\"column\" data-e-type=\"column\">\n\t\t\t<div class=\"elementor-widget-wrap elementor-element-populated\">\n\t\t\t\t\t\t<div class=\"elementor-element elementor-element-6b1a2570 elementor-widget elementor-widget-text-editor\" data-id=\"6b1a2570\" data-element_type=\"widget\" data-e-type=\"widget\" data-widget_type=\"text-editor.default\">\n\t\t\t\t<div class=\"elementor-widget-container\">\n\t\t\t\t\t\t\t\t\t<h1><strong>\u00bfQu\u00e9 es un proceso de autoevaluaci\u00f3n?<\/strong><\/h1>\t\t\t\t\t\t\t\t<\/div>\n\t\t\t\t<\/div>\n\t\t\t\t\t<\/div>\n\t\t<\/div>\n\t\t\t\t\t<\/div>\n\t\t<\/section>\n\t\t\t\t<section class=\"elementor-section elementor-top-section elementor-element elementor-element-3af59f1 elementor-section-boxed elementor-section-height-default elementor-section-height-default\" data-id=\"3af59f1\" data-element_type=\"section\" data-e-type=\"section\">\n\t\t\t\t\t\t<div class=\"elementor-container elementor-column-gap-default\">\n\t\t\t\t\t<div class=\"elementor-column elementor-col-100 elementor-top-column elementor-element elementor-element-e707a38\" data-id=\"e707a38\" data-element_type=\"column\" data-e-type=\"column\">\n\t\t\t<div class=\"elementor-widget-wrap elementor-element-populated\">\n\t\t\t\t\t\t<div class=\"elementor-element elementor-element-a4e55e8 elementor-widget elementor-widget-text-editor\" data-id=\"a4e55e8\" data-element_type=\"widget\" data-e-type=\"widget\" data-widget_type=\"text-editor.default\">\n\t\t\t\t<div class=\"elementor-widget-container\">\n\t\t\t\t\t\t\t\t\t<p data-start=\"64\" data-end=\"430\">La <strong data-start=\"67\" data-end=\"85\">autoevaluaci\u00f3n<\/strong> es un proceso interno mediante el cual la carrera analiza cr\u00edticamente su funcionamiento y resultados <strong data-start=\"188\" data-end=\"287\">en relaci\u00f3n con los criterios establecidos por la Comisi\u00f3n Nacional de Acreditaci\u00f3n (CNA-Chile)<\/strong>. Estos criterios orientan la revisi\u00f3n y permiten determinar el grado de cumplimiento de los est\u00e1ndares de calidad exigidos a nivel nacional.<\/p>\n<p data-start=\"432\" data-end=\"667\">En este proceso, la comunidad acad\u00e9mica examina evidencias, identifica fortalezas y aspectos por mejorar, y construye un plan de desarrollo que posteriormente ser\u00e1 contrastado por los pares evaluadores durante la etapa de acreditaci\u00f3n.<\/p>\n<p><\/p>\t\t\t\t\t\t\t\t<\/div>\n\t\t\t\t<\/div>\n\t\t\t\t\t<\/div>\n\t\t<\/div>\n\t\t\t\t\t<\/div>\n\t\t<\/section>\n\t\t\t\t<section class=\"elementor-section elementor-top-section elementor-element elementor-element-e0aac16 elementor-section-boxed elementor-section-height-default elementor-section-height-default\" data-id=\"e0aac16\" data-element_type=\"section\" data-e-type=\"section\">\n\t\t\t\t\t\t<div class=\"elementor-container elementor-column-gap-default\">\n\t\t\t\t\t<div class=\"elementor-column elementor-col-100 elementor-top-column elementor-element elementor-element-b9429c4\" data-id=\"b9429c4\" data-element_type=\"column\" data-e-type=\"column\">\n\t\t\t<div class=\"elementor-widget-wrap\">\n\t\t\t\t\t\t\t<\/div>\n\t\t<\/div>\n\t\t\t\t\t<\/div>\n\t\t<\/section>\n\t\t\t\t<section class=\"elementor-section elementor-top-section elementor-element elementor-element-2f4deee elementor-section-boxed elementor-section-height-default elementor-section-height-default\" data-id=\"2f4deee\" data-element_type=\"section\" data-e-type=\"section\">\n\t\t\t\t\t\t<div class=\"elementor-container elementor-column-gap-default\">\n\t\t\t\t\t<div class=\"elementor-column elementor-col-100 elementor-top-column elementor-element elementor-element-ed261ee\" data-id=\"ed261ee\" data-element_type=\"column\" data-e-type=\"column\">\n\t\t\t<div class=\"elementor-widget-wrap elementor-element-populated\">\n\t\t\t\t\t\t<div class=\"elementor-element elementor-element-5261392 elementor-widget elementor-widget-text-editor\" data-id=\"5261392\" data-element_type=\"widget\" data-e-type=\"widget\" data-widget_type=\"text-editor.default\">\n\t\t\t\t<div class=\"elementor-widget-container\">\n\t\t\t\t\t\t\t\t\t<h1><strong>\u00bfPor qu\u00e9 se autoeval\u00faa Ingenier\u00eda Civil en Bioinform\u00e1tica?<\/strong><\/h1>\t\t\t\t\t\t\t\t<\/div>\n\t\t\t\t<\/div>\n\t\t\t\t<div class=\"elementor-element elementor-element-0081771 elementor-widget elementor-widget-text-editor\" data-id=\"0081771\" data-element_type=\"widget\" data-e-type=\"widget\" data-widget_type=\"text-editor.default\">\n\t\t\t\t<div class=\"elementor-widget-container\">\n\t\t\t\t\t\t\t\t\t<p data-start=\"112\" data-end=\"528\">Ingenier\u00eda Civil en Bioinform\u00e1tica se autoeval\u00faa porque es un compromiso con la <strong data-start=\"192\" data-end=\"203\">calidad<\/strong>, la <strong data-start=\"208\" data-end=\"225\">transparencia<\/strong> y la <strong data-start=\"231\" data-end=\"250\">mejora continua<\/strong> de nuestro proceso formativo. La autoevaluaci\u00f3n nos permite analizar de manera profunda c\u00f3mo estamos formando a nuestras y nuestros profesionales, identificar nuestras fortalezas, reconocer los aspectos que requieren mejora y proyectar acciones concretas para seguir avanzando.<\/p>\n<p data-start=\"1410\" data-end=\"1538\" data-is-last-node=\"\" data-is-only-node=\"\">Autoevaluarnos es una oportunidad para demostrar qui\u00e9nes somos, c\u00f3mo hemos avanzado y hacia d\u00f3nde queremos proyectar la carrera.<\/p>\n<p><\/p>\t\t\t\t\t\t\t\t<\/div>\n\t\t\t\t<\/div>\n\t\t\t\t\t<\/div>\n\t\t<\/div>\n\t\t\t\t\t<\/div>\n\t\t<\/section>\n\t\t\t\t<section class=\"elementor-section elementor-top-section elementor-element elementor-element-766b8ff elementor-section-boxed elementor-section-height-default elementor-section-height-default\" data-id=\"766b8ff\" data-element_type=\"section\" data-e-type=\"section\">\n\t\t\t\t\t\t<div class=\"elementor-container elementor-column-gap-default\">\n\t\t\t\t\t<div class=\"elementor-column elementor-col-100 elementor-top-column elementor-element elementor-element-f0469bb\" data-id=\"f0469bb\" data-element_type=\"column\" data-e-type=\"column\">\n\t\t\t<div class=\"elementor-widget-wrap elementor-element-populated\">\n\t\t\t\t\t\t<div class=\"elementor-element elementor-element-234a6e7 elementor-widget elementor-widget-text-editor\" data-id=\"234a6e7\" data-element_type=\"widget\" data-e-type=\"widget\" data-widget_type=\"text-editor.default\">\n\t\t\t\t<div class=\"elementor-widget-container\">\n\t\t\t\t\t\t\t\t\t<h1><strong>\u00bfEs obligatorio autoevaluarse?<\/strong><\/h1>\t\t\t\t\t\t\t\t<\/div>\n\t\t\t\t<\/div>\n\t\t\t\t\t<\/div>\n\t\t<\/div>\n\t\t\t\t\t<\/div>\n\t\t<\/section>\n\t\t\t\t<section class=\"elementor-section elementor-top-section elementor-element elementor-element-56ed038 elementor-section-boxed elementor-section-height-default elementor-section-height-default\" data-id=\"56ed038\" data-element_type=\"section\" data-e-type=\"section\">\n\t\t\t\t\t\t<div class=\"elementor-container elementor-column-gap-default\">\n\t\t\t\t\t<div class=\"elementor-column elementor-col-100 elementor-top-column elementor-element elementor-element-6802052\" data-id=\"6802052\" data-element_type=\"column\" data-e-type=\"column\">\n\t\t\t<div class=\"elementor-widget-wrap elementor-element-populated\">\n\t\t\t\t\t\t<div class=\"elementor-element elementor-element-8a1b9c0 elementor-widget elementor-widget-text-editor\" data-id=\"8a1b9c0\" data-element_type=\"widget\" data-e-type=\"widget\" data-widget_type=\"text-editor.default\">\n\t\t\t\t<div class=\"elementor-widget-container\">\n\t\t\t\t\t\t\t\t\t<p data-start=\"139\" data-end=\"559\">No, la autoevaluaci\u00f3n <strong data-start=\"161\" data-end=\"190\">no es obligatoria por ley<\/strong>, pero la Universidad y la Facultad de Ingenier\u00eda han asumido un <strong data-start=\"255\" data-end=\"298\">compromiso institucional con la calidad<\/strong>. Esto implica revisar nuestros programas en forma continua para asegurar que la formaci\u00f3n est\u00e9 alineada con los <strong data-start=\"411\" data-end=\"495\">Atributos del Graduado definidos por la International Engineering Alliance (IEA)<\/strong>, que sirven como referencia internacional ampliamente aceptada.<\/p>\n<p data-start=\"561\" data-end=\"961\">Estos atributos incluyen conocimientos s\u00f3lidos en ciencias e ingenier\u00eda, resoluci\u00f3n de problemas complejos, pensamiento cr\u00edtico, \u00e9tica, sostenibilidad, habilidades digitales, trabajo en equipo, comunicaci\u00f3n efectiva y aprendizaje permanente. Son resultados de aprendizaje que orientan la calidad de los programas y permiten evaluar si las y los futuros ingenieros cumplen con los est\u00e1ndares globales.<\/p>\n<p data-start=\"963\" data-end=\"1245\" data-is-last-node=\"\" data-is-only-node=\"\">Por ello, aunque no sea una obligaci\u00f3n, <strong data-start=\"1003\" data-end=\"1056\">s\u00ed es una responsabilidad acad\u00e9mica y estrat\u00e9gica<\/strong> realizar este proceso, garantizando que Ingenier\u00eda Civil en Bioinform\u00e1tica mantenga coherencia con est\u00e1ndares internacionales y entregue una formaci\u00f3n pertinente, actualizada y de calidad.<\/p>\n<p><\/p>\t\t\t\t\t\t\t\t<\/div>\n\t\t\t\t<\/div>\n\t\t\t\t\t<\/div>\n\t\t<\/div>\n\t\t\t\t\t<\/div>\n\t\t<\/section>\n\t\t\t\t<\/div>\n\t\t","protected":false},"excerpt":{"rendered":"<p>\u00bfQu\u00e9 es un proceso de autoevaluaci\u00f3n? La autoevaluaci\u00f3n es un proceso interno mediante el cual la carrera analiza cr\u00edticamente su funcionamiento y resultados en relaci\u00f3n con los criterios establecidos por la Comisi\u00f3n Nacional de Acreditaci\u00f3n (CNA-Chile). Estos criterios orientan la revisi\u00f3n y permiten determinar el grado de cumplimiento de los [&hellip;]<\/p>\n","protected":false},"author":1,"featured_media":0,"parent":0,"menu_order":0,"comment_status":"closed","ping_status":"closed","template":"","meta":{"_themeisle_gutenberg_block_has_review":false,"footnotes":""},"class_list":["post-2227","page","type-page","status-publish","hentry"],"_links":{"self":[{"href":"https:\/\/bioinformatica.utalca.cl\/index.php?rest_route=\/wp\/v2\/pages\/2227","targetHints":{"allow":["GET"]}}],"collection":[{"href":"https:\/\/bioinformatica.utalca.cl\/index.php?rest_route=\/wp\/v2\/pages"}],"about":[{"href":"https:\/\/bioinformatica.utalca.cl\/index.php?rest_route=\/wp\/v2\/types\/page"}],"author":[{"embeddable":true,"href":"https:\/\/bioinformatica.utalca.cl\/index.php?rest_route=\/wp\/v2\/users\/1"}],"replies":[{"embeddable":true,"href":"https:\/\/bioinformatica.utalca.cl\/index.php?rest_route=%2Fwp%2Fv2%2Fcomments&post=2227"}],"version-history":[{"count":9,"href":"https:\/\/bioinformatica.utalca.cl\/index.php?rest_route=\/wp\/v2\/pages\/2227\/revisions"}],"predecessor-version":[{"id":2238,"href":"https:\/\/bioinformatica.utalca.cl\/index.php?rest_route=\/wp\/v2\/pages\/2227\/revisions\/2238"}],"wp:attachment":[{"href":"https:\/\/bioinformatica.utalca.cl\/index.php?rest_route=%2Fwp%2Fv2%2Fmedia&parent=2227"}],"curies":[{"name":"wp","href":"https:\/\/api.w.org\/{rel}","templated":true}]}}