{"id":2009,"date":"2025-01-03T17:38:29","date_gmt":"2025-01-03T20:38:29","guid":{"rendered":"https:\/\/icb.utalca.cl\/?page_id=2009"},"modified":"2025-09-12T23:17:37","modified_gmt":"2025-09-13T02:17:37","slug":"perfil-de-egreso","status":"publish","type":"page","link":"https:\/\/bioinformatica.utalca.cl\/?page_id=2009","title":{"rendered":"Perf\u00edl de egreso"},"content":{"rendered":"\t\t<div data-elementor-type=\"wp-page\" data-elementor-id=\"2009\" class=\"elementor elementor-2009\">\n\t\t\t\t\t\t<section class=\"elementor-section elementor-top-section elementor-element elementor-element-48c69be7 elementor-section-boxed elementor-section-height-default elementor-section-height-default\" data-id=\"48c69be7\" data-element_type=\"section\" data-e-type=\"section\">\n\t\t\t\t\t\t<div class=\"elementor-container elementor-column-gap-default\">\n\t\t\t\t\t<div class=\"elementor-column elementor-col-100 elementor-top-column elementor-element elementor-element-3548209d\" data-id=\"3548209d\" data-element_type=\"column\" data-e-type=\"column\">\n\t\t\t<div class=\"elementor-widget-wrap elementor-element-populated\">\n\t\t\t\t\t\t<div class=\"elementor-element elementor-element-103d1e2d elementor-widget elementor-widget-text-editor\" data-id=\"103d1e2d\" data-element_type=\"widget\" data-e-type=\"widget\" data-widget_type=\"text-editor.default\">\n\t\t\t\t<div class=\"elementor-widget-container\">\n\t\t\t\t\t\t\t\t\t\n<div id=\"wp-block-themeisle-blocks-advanced-columns-408c4469\" class=\"wp-block-themeisle-blocks-advanced-columns has-1-columns has-desktop-equal-layout has-tablet-equal-layout has-mobile-equal-layout has-vertical-unset\"><div class=\"wp-block-themeisle-blocks-advanced-columns-overlay\"><\/div><div class=\"innerblocks-wrap\">\n<div id=\"wp-block-themeisle-blocks-advanced-column-ce1346b3\" class=\"wp-block-themeisle-blocks-advanced-column\"><\/div>\n<\/div><\/div>\n\n\n\n<p><\/p>\n\t\t\t\t\t\t\t\t<\/div>\n\t\t\t\t<\/div>\n\t\t\t\t\t<\/div>\n\t\t<\/div>\n\t\t\t\t\t<\/div>\n\t\t<\/section>\n\t\t\t\t<section class=\"elementor-section elementor-top-section elementor-element elementor-element-73b288b elementor-section-boxed elementor-section-height-default elementor-section-height-default\" data-id=\"73b288b\" data-element_type=\"section\" data-e-type=\"section\">\n\t\t\t\t\t\t<div class=\"elementor-container elementor-column-gap-default\">\n\t\t\t\t\t<div class=\"elementor-column elementor-col-100 elementor-top-column elementor-element elementor-element-76c60f4\" data-id=\"76c60f4\" data-element_type=\"column\" data-e-type=\"column\">\n\t\t\t<div class=\"elementor-widget-wrap elementor-element-populated\">\n\t\t\t\t\t\t<div class=\"elementor-element elementor-element-b9323f2 elementor-widget elementor-widget-heading\" data-id=\"b9323f2\" data-element_type=\"widget\" data-e-type=\"widget\" data-widget_type=\"heading.default\">\n\t\t\t\t<div class=\"elementor-widget-container\">\n\t\t\t\t\t<h2 class=\"elementor-heading-title elementor-size-default\">Prop\u00f3sito y Perfil de egreso<\/h2>\t\t\t\t<\/div>\n\t\t\t\t<\/div>\n\t\t\t\t\t<\/div>\n\t\t<\/div>\n\t\t\t\t\t<\/div>\n\t\t<\/section>\n\t\t\t\t<section class=\"elementor-section elementor-top-section elementor-element elementor-element-43340bf elementor-section-boxed elementor-section-height-default elementor-section-height-default\" data-id=\"43340bf\" data-element_type=\"section\" data-e-type=\"section\">\n\t\t\t\t\t\t<div class=\"elementor-container elementor-column-gap-default\">\n\t\t\t\t\t<div class=\"elementor-column elementor-col-100 elementor-top-column elementor-element elementor-element-0e5bcb5\" data-id=\"0e5bcb5\" data-element_type=\"column\" data-e-type=\"column\">\n\t\t\t<div class=\"elementor-widget-wrap elementor-element-populated\">\n\t\t\t\t\t\t<div class=\"elementor-element elementor-element-8a8d1c3 elementor-widget-divider--view-line elementor-widget elementor-widget-divider\" data-id=\"8a8d1c3\" data-element_type=\"widget\" data-e-type=\"widget\" data-widget_type=\"divider.default\">\n\t\t\t\t<div class=\"elementor-widget-container\">\n\t\t\t\t\t\t\t<div class=\"elementor-divider\">\n\t\t\t<span class=\"elementor-divider-separator\">\n\t\t\t\t\t\t<\/span>\n\t\t<\/div>\n\t\t\t\t\t\t<\/div>\n\t\t\t\t<\/div>\n\t\t\t\t\t<\/div>\n\t\t<\/div>\n\t\t\t\t\t<\/div>\n\t\t<\/section>\n\t\t\t\t<section class=\"elementor-section elementor-top-section elementor-element elementor-element-5ab8dd6 elementor-section-boxed elementor-section-height-default elementor-section-height-default\" data-id=\"5ab8dd6\" data-element_type=\"section\" data-e-type=\"section\">\n\t\t\t\t\t\t<div class=\"elementor-container elementor-column-gap-default\">\n\t\t\t\t\t<div class=\"elementor-column elementor-col-100 elementor-top-column elementor-element elementor-element-f989d5f\" data-id=\"f989d5f\" data-element_type=\"column\" data-e-type=\"column\">\n\t\t\t<div class=\"elementor-widget-wrap elementor-element-populated\">\n\t\t\t\t\t\t<div class=\"elementor-element elementor-element-f80ae48 elementor-widget__width-initial elementor-widget elementor-widget-text-editor\" data-id=\"f80ae48\" data-element_type=\"widget\" data-e-type=\"widget\" data-widget_type=\"text-editor.default\">\n\t\t\t\t<div class=\"elementor-widget-container\">\n\t\t\t\t\t\t\t\t\t<p><strong>Prop\u00f3sito de la Formaci\u00f3n<\/strong><\/p><p>La carrera de Ingenier\u00eda Civil en Bioinform\u00e1tica tiene como prop\u00f3sito desarrollar profesionales con base cient\u00edfica y tecnol\u00f3gica, capaces de integrar conocimientos de la biolog\u00eda, la computaci\u00f3n, la ingenier\u00eda y las matem\u00e1ticas para comprender, modelar y resolver problemas complejos en sistemas biol\u00f3gicos y qu\u00edmicos.<\/p><p>La formaci\u00f3n contempla el an\u00e1lisis e interpretaci\u00f3n de datos propios de la bioinform\u00e1tica, la simulaci\u00f3n de procesos biol\u00f3gicos, el dise\u00f1o de soluciones computacionales eficientes y la aplicaci\u00f3n de metodolog\u00edas avanzadas para el procesamiento, modelado y extracci\u00f3n de conocimiento a partir de grandes vol\u00famenes de informaci\u00f3n. Estos conocimientos se aplican en \u00e1mbitos como la salud, la biotecnolog\u00eda y el medioambiente, entre otros desaf\u00edos relevantes de car\u00e1cter cient\u00edfico, tecnol\u00f3gico y social.<\/p><p>El plan promueve el pensamiento cr\u00edtico, la creatividad, la \u00e9tica profesional y el trabajo interdisciplinario, permitiendo que las y los egresados lideren iniciativas con impacto local y global. Se fomenta una formaci\u00f3n integral, con \u00e9nfasis en la innovaci\u00f3n, la sustentabilidad y el emprendimiento, preparando a las y los estudiantes para desenvolverse en una sociedad basada en el conocimiento y en constante transformaci\u00f3n.<\/p>\t\t\t\t\t\t\t\t<\/div>\n\t\t\t\t<\/div>\n\t\t\t\t\t<\/div>\n\t\t<\/div>\n\t\t\t\t\t<\/div>\n\t\t<\/section>\n\t\t\t\t<section class=\"elementor-section elementor-top-section elementor-element elementor-element-352b25a elementor-section-boxed elementor-section-height-default elementor-section-height-default\" data-id=\"352b25a\" data-element_type=\"section\" data-e-type=\"section\">\n\t\t\t\t\t\t<div class=\"elementor-container elementor-column-gap-default\">\n\t\t\t\t\t<div class=\"elementor-column elementor-col-100 elementor-top-column elementor-element elementor-element-7c61b91\" data-id=\"7c61b91\" data-element_type=\"column\" data-e-type=\"column\">\n\t\t\t<div class=\"elementor-widget-wrap elementor-element-populated\">\n\t\t\t\t\t\t<div class=\"elementor-element elementor-element-776037c elementor-widget-divider--view-line elementor-widget elementor-widget-divider\" data-id=\"776037c\" data-element_type=\"widget\" data-e-type=\"widget\" data-widget_type=\"divider.default\">\n\t\t\t\t<div class=\"elementor-widget-container\">\n\t\t\t\t\t\t\t<div class=\"elementor-divider\">\n\t\t\t<span class=\"elementor-divider-separator\">\n\t\t\t\t\t\t<\/span>\n\t\t<\/div>\n\t\t\t\t\t\t<\/div>\n\t\t\t\t<\/div>\n\t\t\t\t\t<\/div>\n\t\t<\/div>\n\t\t\t\t\t<\/div>\n\t\t<\/section>\n\t\t\t\t<section class=\"elementor-section elementor-top-section elementor-element elementor-element-03d0069 elementor-section-boxed elementor-section-height-default elementor-section-height-default\" data-id=\"03d0069\" data-element_type=\"section\" data-e-type=\"section\">\n\t\t\t\t\t\t<div class=\"elementor-container elementor-column-gap-default\">\n\t\t\t\t\t<div class=\"elementor-column elementor-col-100 elementor-top-column elementor-element elementor-element-30af7a0\" data-id=\"30af7a0\" data-element_type=\"column\" data-e-type=\"column\">\n\t\t\t<div class=\"elementor-widget-wrap elementor-element-populated\">\n\t\t\t\t\t\t<div class=\"elementor-element elementor-element-da3b2ac elementor-widget elementor-widget-text-editor\" data-id=\"da3b2ac\" data-element_type=\"widget\" data-e-type=\"widget\" data-widget_type=\"text-editor.default\">\n\t\t\t\t<div class=\"elementor-widget-container\">\n\t\t\t\t\t\t\t\t\t<h2><b>Perf\u00edl de Egreso<\/b><\/h2><p>Quienes egresan de la carrera de Ingenier\u00eda Civil en Bioinform\u00e1tica de la Universidad de Talca cuentan con las competencias necesarias para enfrentar desaf\u00edos complejos desde una perspectiva cient\u00edfica, tecnol\u00f3gica, econ\u00f3mica, social, ambiental y \u00e9tica. Su formaci\u00f3n interdisciplinaria integra conocimientos de ingenier\u00eda, ciencias exactas, biolog\u00eda e inform\u00e1tica, permiti\u00e9ndoles abordar problem\u00e1ticas propias de las ciencias de la vida mediante soluciones computacionales innovadoras.<\/p><p>Est\u00e1n capacitados para aplicar herramientas y metodolog\u00edas de ingenier\u00eda en modelado computacional, an\u00e1lisis de datos y desarrollo de software en contextos bioinform\u00e1ticos, incluyendo la capacidad de implementar procesos automatizados y sistemas inteligentes para la toma de decisiones basada en datos. Su formaci\u00f3n enfatiza el uso de tecnolog\u00edas avanzadas, la innovaci\u00f3n, el desarrollo sostenible y la responsabilidad social.<\/p><p>Adem\u00e1s, poseen habilidades de comunicaci\u00f3n efectiva, colaboraci\u00f3n y adaptabilidad, que les permiten integrarse y liderar equipos interdisciplinarios en entornos profesionales din\u00e1micos. Su formaci\u00f3n en emprendimiento e innovaci\u00f3n les entrega las herramientas necesarias para identificar oportunidades, generar soluciones sostenibles y adaptarse de manera proactiva a los desaf\u00edos emergentes de la ciencia, la tecnolog\u00eda y el entorno productivo.<\/p>\t\t\t\t\t\t\t\t<\/div>\n\t\t\t\t<\/div>\n\t\t\t\t\t<\/div>\n\t\t<\/div>\n\t\t\t\t\t<\/div>\n\t\t<\/section>\n\t\t\t\t<section class=\"elementor-section elementor-top-section elementor-element elementor-element-841b6f7 elementor-section-boxed elementor-section-height-default elementor-section-height-default\" data-id=\"841b6f7\" data-element_type=\"section\" data-e-type=\"section\">\n\t\t\t\t\t\t<div class=\"elementor-container elementor-column-gap-default\">\n\t\t\t\t\t<div class=\"elementor-column elementor-col-100 elementor-top-column elementor-element elementor-element-051a5db\" data-id=\"051a5db\" data-element_type=\"column\" data-e-type=\"column\">\n\t\t\t<div class=\"elementor-widget-wrap elementor-element-populated\">\n\t\t\t\t\t\t<div class=\"elementor-element elementor-element-2a6208f elementor-widget-divider--view-line elementor-widget elementor-widget-divider\" data-id=\"2a6208f\" data-element_type=\"widget\" data-e-type=\"widget\" data-widget_type=\"divider.default\">\n\t\t\t\t<div class=\"elementor-widget-container\">\n\t\t\t\t\t\t\t<div class=\"elementor-divider\">\n\t\t\t<span class=\"elementor-divider-separator\">\n\t\t\t\t\t\t<\/span>\n\t\t<\/div>\n\t\t\t\t\t\t<\/div>\n\t\t\t\t<\/div>\n\t\t\t\t\t<\/div>\n\t\t<\/div>\n\t\t\t\t\t<\/div>\n\t\t<\/section>\n\t\t\t\t<section class=\"elementor-section elementor-top-section elementor-element elementor-element-2ee5a18 elementor-section-boxed elementor-section-height-default elementor-section-height-default\" data-id=\"2ee5a18\" data-element_type=\"section\" data-e-type=\"section\">\n\t\t\t\t\t\t<div class=\"elementor-container elementor-column-gap-default\">\n\t\t\t\t\t<div class=\"elementor-column elementor-col-100 elementor-top-column elementor-element elementor-element-6797df2\" data-id=\"6797df2\" data-element_type=\"column\" data-e-type=\"column\">\n\t\t\t<div class=\"elementor-widget-wrap elementor-element-populated\">\n\t\t\t\t\t\t<div class=\"elementor-element elementor-element-81d2c00 elementor-widget elementor-widget-text-editor\" data-id=\"81d2c00\" data-element_type=\"widget\" data-e-type=\"widget\" data-widget_type=\"text-editor.default\">\n\t\t\t\t<div class=\"elementor-widget-container\">\n\t\t\t\t\t\t\t\t\t<h2><b>Competencias<\/b><\/h2><p><b>\u00a0\u00c1REA: FORMACI\u00d3N FUNDAMENTAL<\/b><\/p><p>\u00a0\u00a0\u00a0 1. Comunicar discursos de manera efectiva en entornos profesionales y culturales diversos para favorecer la comprensi\u00f3n, interpretaci\u00f3n, argumentaci\u00f3n y la toma de decisiones.<br \/>\u00a0\u00a0\u00a0 2. Actuar con integridad y responsabilidad social en contextos profesionales y ciudadanos para contribuir al desarrollo sostenible y al bienestar de la sociedad.<br \/>\u00a0\u00a0\u00a0 3. Demostrar habilidades de emprendimiento, creaci\u00f3n e innovaci\u00f3n en contextos profesionales, para favorecer la detecci\u00f3n de oportunidades y la soluci\u00f3n de necesidades.<\/p><p><b>\u00c1REA: FORMACI\u00d3N B\u00c1SICA<br \/><\/b><\/p><p>\u00a0\u00a0\u00a0 4. Integrar conocimientos y herramientas de ciencias b\u00e1sicas y ciencias de la ingenier\u00eda para resolver problemas complejos de ingenier\u00eda con un enfoque de sostenibilidad.<\/p><p>\u00a0\u00a0\u00a0 5. Generar proyectos disciplinarios e interdisciplinarios con enfoque en la innovaci\u00f3n y el emprendimiento en el \u00e1rea de la Ingenier\u00eda para resolver problemas, necesidades y\/o requerimientos del entorno, considerando aspectos t\u00e9cnicos, econ\u00f3micos, sociales o ambientales.<\/p><p><b>\u00c1REA: FORMACI\u00d3N CIENCIAS B\u00c1SICAS Y DISCIPLINAR ESPEC\u00cdFICAS<\/b><br \/>\u00a0\u00a0\u00a0 6. Caracterizar las propiedades estructurales y funcionales de sistemas qu\u00edmicos y biol\u00f3gicos, considerando enfoques de biolog\u00eda estructural y t\u00e9cnicas de modelado y simulaci\u00f3n computacional, para relacionar estas caracter\u00edsticas con su comportamiento en sistemas biol\u00f3gicos complejos.<\/p><p>\u00a0\u00a0\u00a0 7. Analizar las propiedades de los genes, transcritos, prote\u00ednas, genomas, sus interacciones y evoluci\u00f3n, mediante datos experimentales, modelos matem\u00e1ticos y m\u00e9todos computacionales para el desarrollo cient\u00edfico y tecnol\u00f3gico.<\/p><p>\u00a0\u00a0\u00a0 8. Dise\u00f1ar soluciones computacionales que integren algoritmos, sistemas de software y modelos de datos provenientes de diversas fuentes, para resolver problemas de distinta complejidad computacional en contextos aplicados a la bioinform\u00e1tica.<\/p>\t\t\t\t\t\t\t\t<\/div>\n\t\t\t\t<\/div>\n\t\t\t\t\t<\/div>\n\t\t<\/div>\n\t\t\t\t\t<\/div>\n\t\t<\/section>\n\t\t\t\t<section class=\"elementor-section elementor-top-section elementor-element elementor-element-e8cadd2 elementor-section-boxed elementor-section-height-default elementor-section-height-default\" data-id=\"e8cadd2\" data-element_type=\"section\" data-e-type=\"section\">\n\t\t\t\t\t\t<div class=\"elementor-container elementor-column-gap-default\">\n\t\t\t\t\t<div class=\"elementor-column elementor-col-100 elementor-top-column elementor-element elementor-element-35551c2\" data-id=\"35551c2\" data-element_type=\"column\" data-e-type=\"column\">\n\t\t\t<div class=\"elementor-widget-wrap elementor-element-populated\">\n\t\t\t\t\t\t<div class=\"elementor-element elementor-element-bfa1639 elementor-widget elementor-widget-text-editor\" data-id=\"bfa1639\" data-element_type=\"widget\" data-e-type=\"widget\" data-widget_type=\"text-editor.default\">\n\t\t\t\t<div class=\"elementor-widget-container\">\n\t\t\t\t\t\t\t\t\t<a href=\"https:\/\/bioinformatica.utalca.cl\/documentos\/ingenieria-Civil-en-Bioinforma\u0301tica-plan26.pdf\" target=\"_blank\" rel=\"noopener\">Ver &#8211; Plan de formaci\u00f3n<\/a>\t\t\t\t\t\t\t\t<\/div>\n\t\t\t\t<\/div>\n\t\t\t\t\t<\/div>\n\t\t<\/div>\n\t\t\t\t\t<\/div>\n\t\t<\/section>\n\t\t\t\t<\/div>\n\t\t","protected":false},"excerpt":{"rendered":"<p>Prop\u00f3sito y Perfil de egreso Prop\u00f3sito de la Formaci\u00f3n La carrera de Ingenier\u00eda Civil en Bioinform\u00e1tica tiene como prop\u00f3sito desarrollar profesionales con base cient\u00edfica y tecnol\u00f3gica, capaces de integrar conocimientos de la biolog\u00eda, la computaci\u00f3n, la ingenier\u00eda y las matem\u00e1ticas para comprender, modelar y resolver problemas complejos en sistemas biol\u00f3gicos [&hellip;]<\/p>\n","protected":false},"author":1,"featured_media":0,"parent":0,"menu_order":0,"comment_status":"closed","ping_status":"closed","template":"page-templates\/template-pagebuilder-full-width.php","meta":{"_themeisle_gutenberg_block_has_review":false,"footnotes":""},"class_list":["post-2009","page","type-page","status-publish","hentry"],"_links":{"self":[{"href":"https:\/\/bioinformatica.utalca.cl\/index.php?rest_route=\/wp\/v2\/pages\/2009","targetHints":{"allow":["GET"]}}],"collection":[{"href":"https:\/\/bioinformatica.utalca.cl\/index.php?rest_route=\/wp\/v2\/pages"}],"about":[{"href":"https:\/\/bioinformatica.utalca.cl\/index.php?rest_route=\/wp\/v2\/types\/page"}],"author":[{"embeddable":true,"href":"https:\/\/bioinformatica.utalca.cl\/index.php?rest_route=\/wp\/v2\/users\/1"}],"replies":[{"embeddable":true,"href":"https:\/\/bioinformatica.utalca.cl\/index.php?rest_route=%2Fwp%2Fv2%2Fcomments&post=2009"}],"version-history":[{"count":49,"href":"https:\/\/bioinformatica.utalca.cl\/index.php?rest_route=\/wp\/v2\/pages\/2009\/revisions"}],"predecessor-version":[{"id":2169,"href":"https:\/\/bioinformatica.utalca.cl\/index.php?rest_route=\/wp\/v2\/pages\/2009\/revisions\/2169"}],"wp:attachment":[{"href":"https:\/\/bioinformatica.utalca.cl\/index.php?rest_route=%2Fwp%2Fv2%2Fmedia&parent=2009"}],"curies":[{"name":"wp","href":"https:\/\/api.w.org\/{rel}","templated":true}]}}