{"id":1204,"date":"2020-11-10T12:12:23","date_gmt":"2020-11-10T15:12:23","guid":{"rendered":"http:\/\/icb.utalca.cl\/?page_id=1204"},"modified":"2021-01-05T17:12:22","modified_gmt":"2021-01-05T20:12:22","slug":"egresados","status":"publish","type":"page","link":"https:\/\/bioinformatica.utalca.cl\/?page_id=1204","title":{"rendered":"Egresados"},"content":{"rendered":"\t\t<div data-elementor-type=\"wp-page\" data-elementor-id=\"1204\" class=\"elementor elementor-1204\">\n\t\t\t\t\t\t<section class=\"elementor-section elementor-top-section elementor-element elementor-element-74c015aa elementor-section-boxed elementor-section-height-default elementor-section-height-default\" data-id=\"74c015aa\" data-element_type=\"section\" data-e-type=\"section\" data-settings=\"{&quot;background_background&quot;:&quot;gradient&quot;}\">\n\t\t\t\t\t\t<div class=\"elementor-container elementor-column-gap-default\">\n\t\t\t\t\t<div class=\"elementor-column elementor-col-100 elementor-top-column elementor-element elementor-element-60171464\" data-id=\"60171464\" data-element_type=\"column\" data-e-type=\"column\">\n\t\t\t<div class=\"elementor-widget-wrap elementor-element-populated\">\n\t\t\t\t\t\t<div class=\"elementor-element elementor-element-272156ad elementor-widget elementor-widget-heading\" data-id=\"272156ad\" data-element_type=\"widget\" data-e-type=\"widget\" data-widget_type=\"heading.default\">\n\t\t\t\t<div class=\"elementor-widget-container\">\n\t\t\t\t\t<h2 class=\"elementor-heading-title elementor-size-default\">Egresados<\/h2>\t\t\t\t<\/div>\n\t\t\t\t<\/div>\n\t\t\t\t\t<\/div>\n\t\t<\/div>\n\t\t\t\t\t<\/div>\n\t\t<\/section>\n\t\t\t\t<section class=\"elementor-section elementor-top-section elementor-element elementor-element-619216b elementor-section-boxed elementor-section-height-default elementor-section-height-default\" data-id=\"619216b\" data-element_type=\"section\" data-e-type=\"section\">\n\t\t\t\t\t\t<div class=\"elementor-container elementor-column-gap-default\">\n\t\t\t\t\t<div class=\"elementor-column elementor-col-100 elementor-top-column elementor-element elementor-element-18ddf06\" data-id=\"18ddf06\" data-element_type=\"column\" data-e-type=\"column\">\n\t\t\t<div class=\"elementor-widget-wrap elementor-element-populated\">\n\t\t\t\t\t\t<section class=\"elementor-section elementor-inner-section elementor-element elementor-element-854fa6b elementor-section-boxed elementor-section-height-default elementor-section-height-default\" data-id=\"854fa6b\" data-element_type=\"section\" data-e-type=\"section\">\n\t\t\t\t\t\t<div class=\"elementor-container elementor-column-gap-default\">\n\t\t\t\t\t<div class=\"elementor-column elementor-col-100 elementor-inner-column elementor-element elementor-element-6582b24\" data-id=\"6582b24\" data-element_type=\"column\" data-e-type=\"column\">\n\t\t\t<div class=\"elementor-widget-wrap elementor-element-populated\">\n\t\t\t\t\t\t<div class=\"elementor-element elementor-element-c56fb3d elementor-widget elementor-widget-text-editor\" data-id=\"c56fb3d\" data-element_type=\"widget\" data-e-type=\"widget\" data-widget_type=\"text-editor.default\">\n\t\t\t\t<div class=\"elementor-widget-container\">\n\t\t\t\t\t\t\t\t\t<p><strong>La Universidad de Talca, por medio de la Escuela de Ingenier\u00eda Civil en Bioinform\u00e1tica y la Direcci\u00f3n de Vinculaci\u00f3n con Egresados, tiene el agrado de informar a los ex-alumnos los importantes beneficios a los cuales es posible acceder con tan s\u00f3lo inscribirse en la red de ex-alumnos Utalina.<\/strong><\/p>\t\t\t\t\t\t\t\t<\/div>\n\t\t\t\t<\/div>\n\t\t\t\t<div class=\"elementor-element elementor-element-9cd2b9d elementor-widget elementor-widget-text-editor\" data-id=\"9cd2b9d\" data-element_type=\"widget\" data-e-type=\"widget\" data-widget_type=\"text-editor.default\">\n\t\t\t\t<div class=\"elementor-widget-container\">\n\t\t\t\t\t\t\t\t\t<p><span>Para la Escuela de Ingenier\u00eda Civil en Bioinform\u00e1tica es de gran relevancia mantener un estrecho contacto con los alumnos egresados, a fin de mejorar y potenciar el desarrollo de nuestra carrera. Es por ello, que te invitamos a participar de las distintas encuestas que est\u00e1 realizando nuestra escuela. Adem\u00e1s, deseamos entregarte una credencial que te acredita como ex-alumno de la Universidad de Talca. Con \u00e9sta, podr\u00e1s acceder a una serie de beneficios que la Universidad pone a t\u00fa disposici\u00f3n, los que ser\u00e1n informados a trav\u00e9s del portal de ex-alumnos (SEA).<\/span><\/p><p><span>Agradecemos registrarte y mantener actualizada t\u00fa informaci\u00f3n personal y profesional en el portal de ex alumnos: http:\/\/utalino.utalca.cl, y en la lista de la Escuela de Ingenier\u00eda Civil en Bioinform\u00e1tica, http:\/\/listas.utalca.cl\/listinfo\/ex-alumnos-bioinformatica, en donde publicaremos informaci\u00f3n sobre nuevos convenios y actividades para la red Utalina.<\/span><\/p>\t\t\t\t\t\t\t\t<\/div>\n\t\t\t\t<\/div>\n\t\t\t\t\t<\/div>\n\t\t<\/div>\n\t\t\t\t\t<\/div>\n\t\t<\/section>\n\t\t\t\t\t<\/div>\n\t\t<\/div>\n\t\t\t\t\t<\/div>\n\t\t<\/section>\n\t\t\t\t<section class=\"elementor-section elementor-top-section elementor-element elementor-element-5675c408 elementor-section-boxed elementor-section-height-default elementor-section-height-default\" data-id=\"5675c408\" data-element_type=\"section\" data-e-type=\"section\">\n\t\t\t\t\t\t<div class=\"elementor-container elementor-column-gap-default\">\n\t\t\t\t\t<div class=\"elementor-column elementor-col-100 elementor-top-column elementor-element elementor-element-7e3e0c09\" data-id=\"7e3e0c09\" data-element_type=\"column\" data-e-type=\"column\">\n\t\t\t<div class=\"elementor-widget-wrap elementor-element-populated\">\n\t\t\t\t\t\t<div class=\"elementor-element elementor-element-11927e28 elementor-widget-divider--view-line elementor-widget elementor-widget-divider\" data-id=\"11927e28\" data-element_type=\"widget\" data-e-type=\"widget\" data-widget_type=\"divider.default\">\n\t\t\t\t<div class=\"elementor-widget-container\">\n\t\t\t\t\t\t\t<div class=\"elementor-divider\">\n\t\t\t<span class=\"elementor-divider-separator\">\n\t\t\t\t\t\t<\/span>\n\t\t<\/div>\n\t\t\t\t\t\t<\/div>\n\t\t\t\t<\/div>\n\t\t\t\t\t<\/div>\n\t\t<\/div>\n\t\t\t\t\t<\/div>\n\t\t<\/section>\n\t\t\t\t<section class=\"elementor-section elementor-top-section elementor-element elementor-element-7f46836 elementor-section-boxed elementor-section-height-default elementor-section-height-default\" data-id=\"7f46836\" data-element_type=\"section\" data-e-type=\"section\">\n\t\t\t\t\t\t<div class=\"elementor-container elementor-column-gap-default\">\n\t\t\t\t\t<div class=\"elementor-column elementor-col-100 elementor-top-column elementor-element elementor-element-b0fd1f2\" data-id=\"b0fd1f2\" data-element_type=\"column\" data-e-type=\"column\">\n\t\t\t<div class=\"elementor-widget-wrap elementor-element-populated\">\n\t\t\t\t\t\t<div class=\"elementor-element elementor-element-fc5af2b elementor-widget elementor-widget-heading\" data-id=\"fc5af2b\" data-element_type=\"widget\" data-e-type=\"widget\" data-widget_type=\"heading.default\">\n\t\t\t\t<div class=\"elementor-widget-container\">\n\t\t\t\t\t<h2 class=\"elementor-heading-title elementor-size-default\">Noticias<\/h2>\t\t\t\t<\/div>\n\t\t\t\t<\/div>\n\t\t\t\t<div class=\"elementor-element elementor-element-17bc15b elementor-widget elementor-widget-obfx-posts-grid\" data-id=\"17bc15b\" data-element_type=\"widget\" data-e-type=\"widget\" data-widget_type=\"obfx-posts-grid.default\">\n\t\t\t\t<div class=\"elementor-widget-container\">\n\t\t\t\t\t<div class=\"obfx-grid\"><div class=\"obfx-grid-container obfx-grid-desktop-3\"><div class=\"obfx-grid-wrapper\"><article class=\"obfx-grid-col\"><div class=\"obfx-grid-col-image\" style=\"\"><a href=\"https:\/\/bioinformatica.utalca.cl\/?p=2259\" title=\"Ingenier\u00eda Civil en Bioinform\u00e1tica obtiene certificaci\u00f3n por 6 a\u00f1os y alcanza Alto Nivel de Excelencia\"><img fetchpriority=\"high\" decoding=\"async\" width=\"360\" height=\"240\" src=\"https:\/\/bioinformatica.utalca.cl\/wp-content\/uploads\/2026\/03\/certificada-bioinfo-360x240.jpeg\" class=\"img-responsive wp-post-image\" alt=\"certificada-bioinfo\" \/><\/a><\/div><div class=\"obfx-grid-col-content\">\t\t\t<h2 class=\"entry-title obfx-grid-title\">\n\t\t\t\t\t\t\t<a href=\"https:\/\/bioinformatica.utalca.cl\/?p=2259\" title=\"Ingenier\u00eda Civil en Bioinform\u00e1tica obtiene certificaci\u00f3n por 6 a\u00f1os y alcanza Alto Nivel de Excelencia\">\n\t\t\t\t\tIngenier\u00eda Civil en Bioinform\u00e1tica obtiene certificaci\u00f3n por 6 a\u00f1os y alcanza Alto Nivel de Excelencia\t\t\t\t<\/a>\n\t\t\t\t\t\t\t<\/h2>\n\t\t\t\t\t\t\t<div class=\"entry-meta obfx-grid-meta\">\n\n\t\t\t\t\t\t\t\t<span class=\"obfx-grid-categories\">\n\t\t\t\t\t\t\t\t\t<span class=\"obfx-grid-categories-item\">\n\t\t\t\t\t\t<a href=\"https:\/\/bioinformatica.utalca.cl\/?cat=1\"\n\t\t\t\t\t\t   title=\"Noticias\">\n\t\t\t\t\t\t\tNoticias\t\t\t\t\t\t<\/a>\n\t\t\t\t\t<\/span>\n\t\t\t\t\t\t\t\t<\/span>\n\t\t\t\n\t\t\t\t<\/div>\n\t\t\t\t\t\t\t<div class=\"entry-content obfx-grid-content\">\n\t\t\t\tLa certificaci\u00f3n otorgada por la Agencia Acreditadora de Chile reconoce altos est\u00e1ndares de calidad, una s\u00f3lida formaci\u00f3n y el compromiso con la mejora continua de la carrera. La carrera de&hellip;\t\t\t<\/div>\n\t\t\t<\/div><\/article><\/div><div class=\"obfx-grid-wrapper\"><article class=\"obfx-grid-col\"><div class=\"obfx-grid-col-image\" style=\"\"><a href=\"https:\/\/bioinformatica.utalca.cl\/?p=2251\" title=\"Ingenier\u00eda Civil en Bioinform\u00e1tica y Direcci\u00f3n de Innovaci\u00f3n de la Universidad de Talca visitan el Hospital de Teno para explorar colaboraci\u00f3n tecnol\u00f3gica.\"><img decoding=\"async\" width=\"360\" height=\"240\" src=\"https:\/\/bioinformatica.utalca.cl\/wp-content\/uploads\/2026\/01\/Screenshot-From-2026-01-22-15-55-10-360x240.png\" class=\"img-responsive wp-post-image\" alt=\"Screenshot From 2026-01-22 15-55-10\" \/><\/a><\/div><div class=\"obfx-grid-col-content\">\t\t\t<h2 class=\"entry-title obfx-grid-title\">\n\t\t\t\t\t\t\t<a href=\"https:\/\/bioinformatica.utalca.cl\/?p=2251\" title=\"Ingenier\u00eda Civil en Bioinform\u00e1tica y Direcci\u00f3n de Innovaci\u00f3n de la Universidad de Talca visitan el Hospital de Teno para explorar colaboraci\u00f3n tecnol\u00f3gica.\">\n\t\t\t\t\tIngenier\u00eda Civil en Bioinform\u00e1tica y Direcci\u00f3n de Innovaci\u00f3n de la Universidad de Talca visitan el Hospital de Teno para explorar colaboraci\u00f3n tecnol\u00f3gica.\t\t\t\t<\/a>\n\t\t\t\t\t\t\t<\/h2>\n\t\t\t\t\t\t\t<div class=\"entry-meta obfx-grid-meta\">\n\n\t\t\t\t\t\t\t\t<span class=\"obfx-grid-categories\">\n\t\t\t\t\t\t\t\t\t<span class=\"obfx-grid-categories-item\">\n\t\t\t\t\t\t<a href=\"https:\/\/bioinformatica.utalca.cl\/?cat=1\"\n\t\t\t\t\t\t   title=\"Noticias\">\n\t\t\t\t\t\t\tNoticias\t\t\t\t\t\t<\/a>\n\t\t\t\t\t<\/span>\n\t\t\t\t\t\t\t\t<\/span>\n\t\t\t\n\t\t\t\t<\/div>\n\t\t\t\t\t\t\t<div class=\"entry-content obfx-grid-content\">\n\t\t\t\tEn el marco de la pol\u00edtica de Vinculaci\u00f3n con el Medio de la Universidad de Talca, una delegaci\u00f3n integrada por la carrera de Ingenier\u00eda Civil en Bioinform\u00e1tica y la Direcci\u00f3n&hellip;\t\t\t<\/div>\n\t\t\t<\/div><\/article><\/div><div class=\"obfx-grid-wrapper\"><article class=\"obfx-grid-col\"><div class=\"obfx-grid-col-image\" style=\"\"><a href=\"https:\/\/bioinformatica.utalca.cl\/?p=2254\" title=\"Ingenier\u00eda Civil en Bioinform\u00e1tica conecta la academia e innovaci\u00f3n con taller \u201c\u00a1Da el Salto con la IA Generativa!\u201d\"><img decoding=\"async\" width=\"360\" height=\"240\" src=\"https:\/\/bioinformatica.utalca.cl\/wp-content\/uploads\/2026\/01\/Screenshot-From-2026-01-22-16-23-29-360x240.png\" class=\"img-responsive wp-post-image\" alt=\"Screenshot From 2026-01-22 16-23-29\" \/><\/a><\/div><div class=\"obfx-grid-col-content\">\t\t\t<h2 class=\"entry-title obfx-grid-title\">\n\t\t\t\t\t\t\t<a href=\"https:\/\/bioinformatica.utalca.cl\/?p=2254\" title=\"Ingenier\u00eda Civil en Bioinform\u00e1tica conecta la academia e innovaci\u00f3n con taller \u201c\u00a1Da el Salto con la IA Generativa!\u201d\">\n\t\t\t\t\tIngenier\u00eda Civil en Bioinform\u00e1tica conecta la academia e innovaci\u00f3n con taller \u201c\u00a1Da el Salto con la IA Generativa!\u201d\t\t\t\t<\/a>\n\t\t\t\t\t\t\t<\/h2>\n\t\t\t\t\t\t\t<div class=\"entry-meta obfx-grid-meta\">\n\n\t\t\t\t\t\t\t\t<span class=\"obfx-grid-categories\">\n\t\t\t\t\t\t\t\t\t<span class=\"obfx-grid-categories-item\">\n\t\t\t\t\t\t<a href=\"https:\/\/bioinformatica.utalca.cl\/?cat=1\"\n\t\t\t\t\t\t   title=\"Noticias\">\n\t\t\t\t\t\t\tNoticias\t\t\t\t\t\t<\/a>\n\t\t\t\t\t<\/span>\n\t\t\t\t\t\t\t\t<\/span>\n\t\t\t\n\t\t\t\t<\/div>\n\t\t\t\t\t\t\t<div class=\"entry-content obfx-grid-content\">\n\t\t\t\tLa Direcci\u00f3n de Innovaci\u00f3n de la Universidad de Talca, en colaboraci\u00f3n con la Universidad de Chile y la Escuela de Ingenier\u00eda Civil en Bioinform\u00e1tica, realiz\u00f3 el taller \u201c\u00a1Da el Salto&hellip;\t\t\t<\/div>\n\t\t\t<\/div><\/article><\/div><\/div><!-- .obfx-grid-container --><\/div><!-- .obfx-grid -->\t\t\t\t<\/div>\n\t\t\t\t<\/div>\n\t\t\t\t\t<\/div>\n\t\t<\/div>\n\t\t\t\t\t<\/div>\n\t\t<\/section>\n\t\t\t\t<section class=\"elementor-section elementor-top-section elementor-element elementor-element-5ea3bbe elementor-section-height-min-height elementor-section-boxed elementor-section-height-default elementor-section-items-middle\" data-id=\"5ea3bbe\" data-element_type=\"section\" data-e-type=\"section\" data-settings=\"{&quot;background_background&quot;:&quot;classic&quot;}\">\n\t\t\t\t\t\t<div class=\"elementor-container elementor-column-gap-default\">\n\t\t\t\t\t<div class=\"elementor-column elementor-col-100 elementor-top-column elementor-element elementor-element-5f33d910\" data-id=\"5f33d910\" data-element_type=\"column\" data-e-type=\"column\">\n\t\t\t<div class=\"elementor-widget-wrap elementor-element-populated\">\n\t\t\t\t\t\t<div class=\"elementor-element elementor-element-7ee58d9a elementor-widget elementor-widget-heading\" data-id=\"7ee58d9a\" data-element_type=\"widget\" data-e-type=\"widget\" data-widget_type=\"heading.default\">\n\t\t\t\t<div class=\"elementor-widget-container\">\n\t\t\t\t\t<h2 class=\"elementor-heading-title elementor-size-default\">Suscr\u00edbete con nosotros<\/h2>\t\t\t\t<\/div>\n\t\t\t\t<\/div>\n\t\t\t\t<section class=\"elementor-section elementor-inner-section elementor-element elementor-element-44d09b1 elementor-section-full_width elementor-section-height-min-height elementor-section-height-default\" data-id=\"44d09b1\" data-element_type=\"section\" data-e-type=\"section\" data-settings=\"{&quot;background_background&quot;:&quot;classic&quot;}\">\n\t\t\t\t\t\t<div class=\"elementor-container elementor-column-gap-default\">\n\t\t\t\t\t<div class=\"elementor-column elementor-col-100 elementor-inner-column elementor-element elementor-element-31eb80\" data-id=\"31eb80\" data-element_type=\"column\" data-e-type=\"column\">\n\t\t\t<div class=\"elementor-widget-wrap elementor-element-populated\">\n\t\t\t\t\t\t<div class=\"elementor-element elementor-element-d67e78e elementor-widget elementor-widget-shortcode\" data-id=\"d67e78e\" data-element_type=\"widget\" data-e-type=\"widget\" data-widget_type=\"shortcode.default\">\n\t\t\t\t<div class=\"elementor-widget-container\">\n\t\t\t\t\t\t\t<div class=\"elementor-shortcode\">[sibwp_form id=2]<\/div>\n\t\t\t\t\t\t<\/div>\n\t\t\t\t<\/div>\n\t\t\t\t\t<\/div>\n\t\t<\/div>\n\t\t\t\t\t<\/div>\n\t\t<\/section>\n\t\t\t\t\t<\/div>\n\t\t<\/div>\n\t\t\t\t\t<\/div>\n\t\t<\/section>\n\t\t\t\t<\/div>\n\t\t","protected":false},"excerpt":{"rendered":"<p>Egresados La Universidad de Talca, por medio de la Escuela de Ingenier\u00eda Civil en Bioinform\u00e1tica y la Direcci\u00f3n de Vinculaci\u00f3n con Egresados, tiene el agrado de informar a los ex-alumnos los importantes beneficios a los cuales es posible acceder con tan s\u00f3lo inscribirse en la red de ex-alumnos Utalina. Para [&hellip;]<\/p>\n","protected":false},"author":1,"featured_media":0,"parent":0,"menu_order":0,"comment_status":"closed","ping_status":"closed","template":"page-templates\/template-pagebuilder-full-width.php","meta":{"_themeisle_gutenberg_block_has_review":false,"footnotes":""},"class_list":["post-1204","page","type-page","status-publish","hentry"],"_links":{"self":[{"href":"https:\/\/bioinformatica.utalca.cl\/index.php?rest_route=\/wp\/v2\/pages\/1204","targetHints":{"allow":["GET"]}}],"collection":[{"href":"https:\/\/bioinformatica.utalca.cl\/index.php?rest_route=\/wp\/v2\/pages"}],"about":[{"href":"https:\/\/bioinformatica.utalca.cl\/index.php?rest_route=\/wp\/v2\/types\/page"}],"author":[{"embeddable":true,"href":"https:\/\/bioinformatica.utalca.cl\/index.php?rest_route=\/wp\/v2\/users\/1"}],"replies":[{"embeddable":true,"href":"https:\/\/bioinformatica.utalca.cl\/index.php?rest_route=%2Fwp%2Fv2%2Fcomments&post=1204"}],"version-history":[{"count":10,"href":"https:\/\/bioinformatica.utalca.cl\/index.php?rest_route=\/wp\/v2\/pages\/1204\/revisions"}],"predecessor-version":[{"id":1458,"href":"https:\/\/bioinformatica.utalca.cl\/index.php?rest_route=\/wp\/v2\/pages\/1204\/revisions\/1458"}],"wp:attachment":[{"href":"https:\/\/bioinformatica.utalca.cl\/index.php?rest_route=%2Fwp%2Fv2%2Fmedia&parent=1204"}],"curies":[{"name":"wp","href":"https:\/\/api.w.org\/{rel}","templated":true}]}}