{"id":12,"date":"2020-11-04T15:42:40","date_gmt":"2020-11-04T18:42:40","guid":{"rendered":"http:\/\/icb.utalca.cl\/?page_id=12"},"modified":"2025-11-20T18:29:38","modified_gmt":"2025-11-20T21:29:38","slug":"inicio","status":"publish","type":"page","link":"https:\/\/bioinformatica.utalca.cl\/","title":{"rendered":"Inicio"},"content":{"rendered":"\t\t<div data-elementor-type=\"wp-page\" data-elementor-id=\"12\" class=\"elementor elementor-12\">\n\t\t\t\t\t\t<section class=\"elementor-section elementor-top-section elementor-element elementor-element-b525127 elementor-section-full_width elementor-section-height-default elementor-section-height-default\" data-id=\"b525127\" data-element_type=\"section\" data-e-type=\"section\" data-settings=\"{&quot;background_background&quot;:&quot;gradient&quot;}\">\n\t\t\t\t\t\t<div class=\"elementor-container elementor-column-gap-default\">\n\t\t\t\t\t<div class=\"elementor-column elementor-col-33 elementor-top-column elementor-element elementor-element-3df26f1\" data-id=\"3df26f1\" data-element_type=\"column\" data-e-type=\"column\" data-settings=\"{&quot;background_background&quot;:&quot;gradient&quot;}\">\n\t\t\t<div class=\"elementor-widget-wrap elementor-element-populated\">\n\t\t\t\t\t\t<div class=\"elementor-element elementor-element-b8c77fa elementor-align-center elementor-widget elementor-widget-button\" data-id=\"b8c77fa\" data-element_type=\"widget\" data-e-type=\"widget\" data-widget_type=\"button.default\">\n\t\t\t\t<div class=\"elementor-widget-container\">\n\t\t\t\t\t\t\t\t\t<div class=\"elementor-button-wrapper\">\n\t\t\t\t\t<a class=\"elementor-button elementor-button-link elementor-size-xl\" href=\"https:\/\/bioinformatica.utalca.cl\/documentos\/ingenieria-Civil-en-Bioinforma%CC%81tica-plan26.pdf\" target=\"_blank\">\n\t\t\t\t\t\t<span class=\"elementor-button-content-wrapper\">\n\t\t\t\t\t\t\t\t\t<span class=\"elementor-button-text\"><span><\/span>PLAN DE ESTUDIOS<\/span>\n\t\t\t\t\t<\/span>\n\t\t\t\t\t<\/a>\n\t\t\t\t<\/div>\n\t\t\t\t\t\t\t\t<\/div>\n\t\t\t\t<\/div>\n\t\t\t\t\t<\/div>\n\t\t<\/div>\n\t\t\t\t<div class=\"elementor-column elementor-col-33 elementor-top-column elementor-element elementor-element-7d080a0\" data-id=\"7d080a0\" data-element_type=\"column\" data-e-type=\"column\" data-settings=\"{&quot;background_background&quot;:&quot;gradient&quot;}\">\n\t\t\t<div class=\"elementor-widget-wrap elementor-element-populated\">\n\t\t\t\t\t\t<div class=\"elementor-element elementor-element-35c34ac elementor-align-center elementor-widget elementor-widget-button\" data-id=\"35c34ac\" data-element_type=\"widget\" data-e-type=\"widget\" data-widget_type=\"button.default\">\n\t\t\t\t<div class=\"elementor-widget-container\">\n\t\t\t\t\t\t\t\t\t<div class=\"elementor-button-wrapper\">\n\t\t\t\t\t<a class=\"elementor-button elementor-button-link elementor-size-xl\" href=\"https:\/\/bioinformatica.utalca.cl\/?cat=1\">\n\t\t\t\t\t\t<span class=\"elementor-button-content-wrapper\">\n\t\t\t\t\t\t\t\t\t<span class=\"elementor-button-text\">NOTICIAS<\/span>\n\t\t\t\t\t<\/span>\n\t\t\t\t\t<\/a>\n\t\t\t\t<\/div>\n\t\t\t\t\t\t\t\t<\/div>\n\t\t\t\t<\/div>\n\t\t\t\t\t<\/div>\n\t\t<\/div>\n\t\t\t\t<div class=\"elementor-column elementor-col-33 elementor-top-column elementor-element elementor-element-cec2ca0\" data-id=\"cec2ca0\" data-element_type=\"column\" data-e-type=\"column\" data-settings=\"{&quot;background_background&quot;:&quot;gradient&quot;}\">\n\t\t\t<div class=\"elementor-widget-wrap elementor-element-populated\">\n\t\t\t\t\t\t<div class=\"elementor-element elementor-element-ecffd6e elementor-align-center elementor-widget elementor-widget-button\" data-id=\"ecffd6e\" data-element_type=\"widget\" data-e-type=\"widget\" data-widget_type=\"button.default\">\n\t\t\t\t<div class=\"elementor-widget-container\">\n\t\t\t\t\t\t\t\t\t<div class=\"elementor-button-wrapper\">\n\t\t\t\t\t<a class=\"elementor-button elementor-button-link elementor-size-xl\" href=\"https:\/\/admision.utalca.cl\/carreras\/ingenieria-civil-en-bioinformatica\/\" target=\"_blank\">\n\t\t\t\t\t\t<span class=\"elementor-button-content-wrapper\">\n\t\t\t\t\t\t\t\t\t<span class=\"elementor-button-text\">ADMISI\u00d3N 2026<\/span>\n\t\t\t\t\t<\/span>\n\t\t\t\t\t<\/a>\n\t\t\t\t<\/div>\n\t\t\t\t\t\t\t\t<\/div>\n\t\t\t\t<\/div>\n\t\t\t\t\t<\/div>\n\t\t<\/div>\n\t\t\t\t\t<\/div>\n\t\t<\/section>\n\t\t\t\t<section class=\"elementor-section elementor-top-section elementor-element elementor-element-6a02baa elementor-section-boxed elementor-section-height-default elementor-section-height-default\" data-id=\"6a02baa\" data-element_type=\"section\" data-e-type=\"section\" data-settings=\"{&quot;background_background&quot;:&quot;gradient&quot;}\">\n\t\t\t\t\t\t<div class=\"elementor-container elementor-column-gap-default\">\n\t\t\t\t\t<div class=\"elementor-column elementor-col-50 elementor-top-column elementor-element elementor-element-3e195ec\" data-id=\"3e195ec\" data-element_type=\"column\" data-e-type=\"column\">\n\t\t\t<div class=\"elementor-widget-wrap elementor-element-populated\">\n\t\t\t\t\t\t<div class=\"elementor-element elementor-element-3b06037 elementor-widget__width-initial elementor-widget elementor-widget-text-editor\" data-id=\"3b06037\" data-element_type=\"widget\" data-e-type=\"widget\" data-widget_type=\"text-editor.default\">\n\t\t\t\t<div class=\"elementor-widget-container\">\n\t\t\t\t\t\t\t\t\t<p><b>Ingenier\u00eda Civil en Bioinform\u00e1tica<\/b> es una carrera multidisciplinaria en donde confluyen las ciencias f\u00edsicas, qu\u00edmicas, biol\u00f3gicas, matem\u00e1ticas y computacionales, con el prop\u00f3sito de proponer e implementar soluciones tecnol\u00f3gicas a problem\u00e1ticas de diversa \u00edndole, con un enfoque en los requerimientos de la sociedad. Los profesionales egresados de nuestra carrera ser\u00e1n capaces de desempe\u00f1arse en la disciplina de la Bioinform\u00e1tica y otras disciplinas transversales, como efectivos agentes de cambios, promoviendo la excelencia, la innovaci\u00f3n y la responsabilidad social.<\/p>\t\t\t\t\t\t\t\t<\/div>\n\t\t\t\t<\/div>\n\t\t\t\t<div class=\"elementor-element elementor-element-ae2b471 elementor-align-left elementor-widget elementor-widget-button\" data-id=\"ae2b471\" data-element_type=\"widget\" data-e-type=\"widget\" data-widget_type=\"button.default\">\n\t\t\t\t<div class=\"elementor-widget-container\">\n\t\t\t\t\t\t\t\t\t<div class=\"elementor-button-wrapper\">\n\t\t\t\t\t<a class=\"elementor-button elementor-button-link elementor-size-sm\" href=\"http:\/\/icb.utalca.cl\/?page_id=899\">\n\t\t\t\t\t\t<span class=\"elementor-button-content-wrapper\">\n\t\t\t\t\t\t\t\t\t<span class=\"elementor-button-text\">Saber m\u00e1s<\/span>\n\t\t\t\t\t<\/span>\n\t\t\t\t\t<\/a>\n\t\t\t\t<\/div>\n\t\t\t\t\t\t\t\t<\/div>\n\t\t\t\t<\/div>\n\t\t\t\t\t<\/div>\n\t\t<\/div>\n\t\t\t\t<div class=\"elementor-column elementor-col-50 elementor-top-column elementor-element elementor-element-b551edc\" data-id=\"b551edc\" data-element_type=\"column\" data-e-type=\"column\">\n\t\t\t<div class=\"elementor-widget-wrap elementor-element-populated\">\n\t\t\t\t\t\t<div class=\"elementor-element elementor-element-312d0d7 elementor-widget elementor-widget-image\" data-id=\"312d0d7\" data-element_type=\"widget\" data-e-type=\"widget\" data-widget_type=\"image.default\">\n\t\t\t\t<div class=\"elementor-widget-container\">\n\t\t\t\t\t\t\t\t\t\t\t\t<figure class=\"wp-caption\">\n\t\t\t\t\t\t\t\t\t\t\t<a href=\"https:\/\/youtu.be\/grzN0wMMD-4\" target=\"_blank\">\n\t\t\t\t\t\t\t<img fetchpriority=\"high\" decoding=\"async\" width=\"551\" height=\"285\" src=\"https:\/\/bioinformatica.utalca.cl\/wp-content\/uploads\/2022\/07\/director.png\" class=\"attachment-large size-large wp-image-1496\" alt=\"\" srcset=\"https:\/\/bioinformatica.utalca.cl\/wp-content\/uploads\/2022\/07\/director.png 551w, https:\/\/bioinformatica.utalca.cl\/wp-content\/uploads\/2022\/07\/director-300x155.png 300w\" sizes=\"(max-width: 551px) 100vw, 551px\" \/>\t\t\t\t\t\t\t\t<\/a>\n\t\t\t\t\t\t\t\t\t\t\t<figcaption class=\"widget-image-caption wp-caption-text\"><\/figcaption>\n\t\t\t\t\t\t\t\t\t\t<\/figure>\n\t\t\t\t\t\t\t\t\t<\/div>\n\t\t\t\t<\/div>\n\t\t\t\t\t<\/div>\n\t\t<\/div>\n\t\t\t\t\t<\/div>\n\t\t<\/section>\n\t\t\t\t<section class=\"elementor-section elementor-top-section elementor-element elementor-element-7eea8d7 elementor-section-full_width elementor-section-height-default elementor-section-height-default\" data-id=\"7eea8d7\" data-element_type=\"section\" data-e-type=\"section\" data-settings=\"{&quot;background_background&quot;:&quot;gradient&quot;}\">\n\t\t\t\t\t\t<div class=\"elementor-container elementor-column-gap-default\">\n\t\t\t\t\t<div class=\"elementor-column elementor-col-100 elementor-top-column elementor-element elementor-element-615fbf8\" data-id=\"615fbf8\" data-element_type=\"column\" data-e-type=\"column\">\n\t\t\t<div class=\"elementor-widget-wrap elementor-element-populated\">\n\t\t\t\t\t\t<section class=\"elementor-section elementor-inner-section elementor-element elementor-element-d8a6ccb elementor-section-boxed elementor-section-height-default elementor-section-height-default\" data-id=\"d8a6ccb\" data-element_type=\"section\" data-e-type=\"section\">\n\t\t\t\t\t\t<div class=\"elementor-container elementor-column-gap-default\">\n\t\t\t\t\t<div class=\"elementor-column elementor-col-100 elementor-inner-column elementor-element elementor-element-225236a\" data-id=\"225236a\" data-element_type=\"column\" data-e-type=\"column\">\n\t\t\t<div class=\"elementor-widget-wrap elementor-element-populated\">\n\t\t\t\t\t\t<div class=\"elementor-element elementor-element-4a1cab4 elementor-widget elementor-widget-heading\" data-id=\"4a1cab4\" data-element_type=\"widget\" data-e-type=\"widget\" data-widget_type=\"heading.default\">\n\t\t\t\t<div class=\"elementor-widget-container\">\n\t\t\t\t\t<h2 class=\"elementor-heading-title elementor-size-default\">Nuestros Acad\u00e9micos<\/h2>\t\t\t\t<\/div>\n\t\t\t\t<\/div>\n\t\t\t\t<div class=\"elementor-element elementor-element-59b9119 elementor-arrows-position-inside elementor-widget elementor-widget-image-carousel\" data-id=\"59b9119\" data-element_type=\"widget\" data-e-type=\"widget\" data-settings=\"{&quot;slides_to_show&quot;:&quot;5&quot;,&quot;navigation&quot;:&quot;arrows&quot;,&quot;autoplay&quot;:&quot;yes&quot;,&quot;pause_on_hover&quot;:&quot;yes&quot;,&quot;pause_on_interaction&quot;:&quot;yes&quot;,&quot;autoplay_speed&quot;:5000,&quot;infinite&quot;:&quot;yes&quot;,&quot;speed&quot;:500}\" data-widget_type=\"image-carousel.default\">\n\t\t\t\t<div class=\"elementor-widget-container\">\n\t\t\t\t\t\t\t<div class=\"elementor-image-carousel-wrapper swiper\" role=\"region\" aria-roledescription=\"carousel\" aria-label=\"Carrusel de im\u00e1genes\" dir=\"ltr\">\n\t\t\t<div class=\"elementor-image-carousel swiper-wrapper\" aria-live=\"off\">\n\t\t\t\t\t\t\t\t<div class=\"swiper-slide\" role=\"group\" aria-roledescription=\"slide\" aria-label=\"1 de 11\"><a data-elementor-open-lightbox=\"yes\" data-elementor-lightbox-slideshow=\"59b9119\" data-elementor-lightbox-title=\"fabio\" data-e-action-hash=\"#elementor-action%3Aaction%3Dlightbox%26settings%3DeyJpZCI6MTQxOSwidXJsIjoiaHR0cHM6XC9cL2Jpb2luZm9ybWF0aWNhLnV0YWxjYS5jbFwvd3AtY29udGVudFwvdXBsb2Fkc1wvMjAyMFwvMTJcL2ZhYmlvLnBuZyIsInNsaWRlc2hvdyI6IjU5YjkxMTkifQ%3D%3D\" href=\"http:\/\/icb.utalca.cl\/?page_id=755\"><figure class=\"swiper-slide-inner\"><img decoding=\"async\" class=\"swiper-slide-image\" src=\"https:\/\/bioinformatica.utalca.cl\/wp-content\/uploads\/2020\/12\/fabio.png\" alt=\"Fabio Dur\u00e1n-Verdugo\" \/><figcaption class=\"elementor-image-carousel-caption\">Fabio Dur\u00e1n-Verdugo<\/figcaption><\/figure><\/a><\/div><div class=\"swiper-slide\" role=\"group\" aria-roledescription=\"slide\" aria-label=\"2 de 11\"><a data-elementor-open-lightbox=\"yes\" data-elementor-lightbox-slideshow=\"59b9119\" data-elementor-lightbox-title=\"jenim\" data-e-action-hash=\"#elementor-action%3Aaction%3Dlightbox%26settings%3DeyJpZCI6MTQyMiwidXJsIjoiaHR0cHM6XC9cL2Jpb2luZm9ybWF0aWNhLnV0YWxjYS5jbFwvd3AtY29udGVudFwvdXBsb2Fkc1wvMjAyMFwvMTJcL2plbmltLnBuZyIsInNsaWRlc2hvdyI6IjU5YjkxMTkifQ%3D%3D\" href=\"http:\/\/icb.utalca.cl\/?page_id=755\"><figure class=\"swiper-slide-inner\"><img decoding=\"async\" class=\"swiper-slide-image\" src=\"https:\/\/bioinformatica.utalca.cl\/wp-content\/uploads\/2020\/12\/jenim.png\" alt=\"Janin Riedelsberger\" \/><figcaption class=\"elementor-image-carousel-caption\">Janin Riedelsberger<\/figcaption><\/figure><\/a><\/div><div class=\"swiper-slide\" role=\"group\" aria-roledescription=\"slide\" aria-label=\"3 de 11\"><a data-elementor-open-lightbox=\"yes\" data-elementor-lightbox-slideshow=\"59b9119\" data-elementor-lightbox-title=\"mauricio\" data-e-action-hash=\"#elementor-action%3Aaction%3Dlightbox%26settings%3DeyJpZCI6MTQyMywidXJsIjoiaHR0cHM6XC9cL2Jpb2luZm9ybWF0aWNhLnV0YWxjYS5jbFwvd3AtY29udGVudFwvdXBsb2Fkc1wvMjAyMFwvMTJcL21hdXJpY2lvLnBuZyIsInNsaWRlc2hvdyI6IjU5YjkxMTkifQ%3D%3D\" href=\"http:\/\/icb.utalca.cl\/?page_id=755\"><figure class=\"swiper-slide-inner\"><img decoding=\"async\" class=\"swiper-slide-image\" src=\"https:\/\/bioinformatica.utalca.cl\/wp-content\/uploads\/2020\/12\/mauricio.png\" alt=\"Mauricio Arenas\" \/><figcaption class=\"elementor-image-carousel-caption\">Mauricio Arenas<\/figcaption><\/figure><\/a><\/div><div class=\"swiper-slide\" role=\"group\" aria-roledescription=\"slide\" aria-label=\"4 de 11\"><a data-elementor-open-lightbox=\"yes\" data-elementor-lightbox-slideshow=\"59b9119\" data-elementor-lightbox-title=\"wendy\" data-e-action-hash=\"#elementor-action%3Aaction%3Dlightbox%26settings%3DeyJpZCI6MTQyNCwidXJsIjoiaHR0cHM6XC9cL2Jpb2luZm9ybWF0aWNhLnV0YWxjYS5jbFwvd3AtY29udGVudFwvdXBsb2Fkc1wvMjAyMFwvMTJcL3dlbmR5LnBuZyIsInNsaWRlc2hvdyI6IjU5YjkxMTkifQ%3D%3D\" href=\"http:\/\/icb.utalca.cl\/?page_id=755\"><figure class=\"swiper-slide-inner\"><img decoding=\"async\" class=\"swiper-slide-image\" src=\"https:\/\/bioinformatica.utalca.cl\/wp-content\/uploads\/2020\/12\/wendy.png\" alt=\"Wendy Gonz\u00e1lez D\u00edaz\" \/><figcaption class=\"elementor-image-carousel-caption\">Wendy Gonz\u00e1lez D\u00edaz<\/figcaption><\/figure><\/a><\/div><div class=\"swiper-slide\" role=\"group\" aria-roledescription=\"slide\" aria-label=\"5 de 11\"><a data-elementor-open-lightbox=\"yes\" data-elementor-lightbox-slideshow=\"59b9119\" data-elementor-lightbox-title=\"jcaballero\" data-e-action-hash=\"#elementor-action%3Aaction%3Dlightbox%26settings%3DeyJpZCI6MTkyNywidXJsIjoiaHR0cHM6XC9cL2Jpb2luZm9ybWF0aWNhLnV0YWxjYS5jbFwvd3AtY29udGVudFwvdXBsb2Fkc1wvMjAyNVwvMDFcL2pjYWJhbGxlcm8ucG5nIiwic2xpZGVzaG93IjoiNTliOTExOSJ9\" href=\"http:\/\/icb.utalca.cl\/?page_id=755\"><figure class=\"swiper-slide-inner\"><img decoding=\"async\" class=\"swiper-slide-image\" src=\"https:\/\/bioinformatica.utalca.cl\/wp-content\/uploads\/2025\/01\/jcaballero-150x150.png\" alt=\"Julio Caballero\" \/><figcaption class=\"elementor-image-carousel-caption\">Julio Caballero<\/figcaption><\/figure><\/a><\/div><div class=\"swiper-slide\" role=\"group\" aria-roledescription=\"slide\" aria-label=\"6 de 11\"><a data-elementor-open-lightbox=\"yes\" data-elementor-lightbox-slideshow=\"59b9119\" data-elementor-lightbox-title=\"ingo\" data-e-action-hash=\"#elementor-action%3Aaction%3Dlightbox%26settings%3DeyJpZCI6MTQyMSwidXJsIjoiaHR0cHM6XC9cL2Jpb2luZm9ybWF0aWNhLnV0YWxjYS5jbFwvd3AtY29udGVudFwvdXBsb2Fkc1wvMjAyMFwvMTJcL2luZ28ucG5nIiwic2xpZGVzaG93IjoiNTliOTExOSJ9\" href=\"http:\/\/icb.utalca.cl\/?page_id=755\"><figure class=\"swiper-slide-inner\"><img decoding=\"async\" class=\"swiper-slide-image\" src=\"https:\/\/bioinformatica.utalca.cl\/wp-content\/uploads\/2020\/12\/ingo.png\" alt=\"Ingo Dreyer\" \/><figcaption class=\"elementor-image-carousel-caption\">Ingo Dreyer<\/figcaption><\/figure><\/a><\/div><div class=\"swiper-slide\" role=\"group\" aria-roledescription=\"slide\" aria-label=\"7 de 11\"><a data-elementor-open-lightbox=\"yes\" data-elementor-lightbox-slideshow=\"59b9119\" data-elementor-lightbox-title=\"gonzalo\" data-e-action-hash=\"#elementor-action%3Aaction%3Dlightbox%26settings%3DeyJpZCI6MTQyMCwidXJsIjoiaHR0cHM6XC9cL2Jpb2luZm9ybWF0aWNhLnV0YWxjYS5jbFwvd3AtY29udGVudFwvdXBsb2Fkc1wvMjAyMFwvMTJcL2dvbnphbG8ucG5nIiwic2xpZGVzaG93IjoiNTliOTExOSJ9\" href=\"http:\/\/icb.utalca.cl\/?page_id=755\"><figure class=\"swiper-slide-inner\"><img decoding=\"async\" class=\"swiper-slide-image\" src=\"https:\/\/bioinformatica.utalca.cl\/wp-content\/uploads\/2020\/12\/gonzalo.png\" alt=\"Gonzalo Riadi Mahias\" \/><figcaption class=\"elementor-image-carousel-caption\">Gonzalo Riadi Mahias<\/figcaption><\/figure><\/a><\/div><div class=\"swiper-slide\" role=\"group\" aria-roledescription=\"slide\" aria-label=\"8 de 11\"><a data-elementor-open-lightbox=\"yes\" data-elementor-lightbox-slideshow=\"59b9119\" data-elementor-lightbox-title=\"hpoblete\" data-e-action-hash=\"#elementor-action%3Aaction%3Dlightbox%26settings%3DeyJpZCI6MTkzNSwidXJsIjoiaHR0cHM6XC9cL2Jpb2luZm9ybWF0aWNhLnV0YWxjYS5jbFwvd3AtY29udGVudFwvdXBsb2Fkc1wvMjAyNVwvMDFcL2hwb2JsZXRlLnBuZyIsInNsaWRlc2hvdyI6IjU5YjkxMTkifQ%3D%3D\" href=\"http:\/\/icb.utalca.cl\/?page_id=755\"><figure class=\"swiper-slide-inner\"><img decoding=\"async\" class=\"swiper-slide-image\" src=\"https:\/\/bioinformatica.utalca.cl\/wp-content\/uploads\/2025\/01\/hpoblete-150x150.png\" alt=\"Horacio Poblete\" \/><figcaption class=\"elementor-image-carousel-caption\">Horacio Poblete<\/figcaption><\/figure><\/a><\/div><div class=\"swiper-slide\" role=\"group\" aria-roledescription=\"slide\" aria-label=\"9 de 11\"><a data-elementor-open-lightbox=\"yes\" data-elementor-lightbox-slideshow=\"59b9119\" data-elementor-lightbox-title=\"ariela_vergara\" data-e-action-hash=\"#elementor-action%3Aaction%3Dlightbox%26settings%3DeyJpZCI6MTQ3OSwidXJsIjoiaHR0cHM6XC9cL2Jpb2luZm9ybWF0aWNhLnV0YWxjYS5jbFwvd3AtY29udGVudFwvdXBsb2Fkc1wvMjAyMVwvMDNcL2FyaWVsYV92ZXJnYXJhLnBuZyIsInNsaWRlc2hvdyI6IjU5YjkxMTkifQ%3D%3D\" href=\"http:\/\/icb.utalca.cl\/?page_id=755\"><figure class=\"swiper-slide-inner\"><img decoding=\"async\" class=\"swiper-slide-image\" src=\"https:\/\/bioinformatica.utalca.cl\/wp-content\/uploads\/2021\/03\/ariela_vergara.png\" alt=\"Ariela Vergara\" \/><figcaption class=\"elementor-image-carousel-caption\">Ariela Vergara<\/figcaption><\/figure><\/a><\/div><div class=\"swiper-slide\" role=\"group\" aria-roledescription=\"slide\" aria-label=\"10 de 11\"><a data-elementor-open-lightbox=\"yes\" data-elementor-lightbox-slideshow=\"59b9119\" data-elementor-lightbox-title=\"jreyes\" data-e-action-hash=\"#elementor-action%3Aaction%3Dlightbox%26settings%3DeyJpZCI6MTkwOCwidXJsIjoiaHR0cHM6XC9cL2Jpb2luZm9ybWF0aWNhLnV0YWxjYS5jbFwvd3AtY29udGVudFwvdXBsb2Fkc1wvMjAyNVwvMDFcL2pyZXllcy5wbmciLCJzbGlkZXNob3ciOiI1OWI5MTE5In0%3D\" href=\"http:\/\/icb.utalca.cl\/?page_id=755\"><figure class=\"swiper-slide-inner\"><img decoding=\"async\" class=\"swiper-slide-image\" src=\"https:\/\/bioinformatica.utalca.cl\/wp-content\/uploads\/2025\/01\/jreyes-150x150.png\" alt=\"Jos\u00e9 Antonio Reyes Su\u00e1rez\" \/><figcaption class=\"elementor-image-carousel-caption\">Jos\u00e9 Antonio Reyes Su\u00e1rez<\/figcaption><\/figure><\/a><\/div><div class=\"swiper-slide\" role=\"group\" aria-roledescription=\"slide\" aria-label=\"11 de 11\"><a data-elementor-open-lightbox=\"yes\" data-elementor-lightbox-slideshow=\"59b9119\" data-elementor-lightbox-title=\"jalzate-removebg-preview\" data-e-action-hash=\"#elementor-action%3Aaction%3Dlightbox%26settings%3DeyJpZCI6MTkyMywidXJsIjoiaHR0cHM6XC9cL2Jpb2luZm9ybWF0aWNhLnV0YWxjYS5jbFwvd3AtY29udGVudFwvdXBsb2Fkc1wvMjAyNVwvMDFcL2phbHphdGUtcmVtb3ZlYmctcHJldmlldy5wbmciLCJzbGlkZXNob3ciOiI1OWI5MTE5In0%3D\" href=\"http:\/\/icb.utalca.cl\/?page_id=755\"><figure class=\"swiper-slide-inner\"><img decoding=\"async\" class=\"swiper-slide-image\" src=\"https:\/\/bioinformatica.utalca.cl\/wp-content\/uploads\/2025\/01\/jalzate-removebg-preview-150x150.png\" alt=\"Jans Alzate\" \/><figcaption class=\"elementor-image-carousel-caption\">Jans Alzate<\/figcaption><\/figure><\/a><\/div>\t\t\t<\/div>\n\t\t\t\t\t\t\t\t\t\t\t\t<div class=\"elementor-swiper-button elementor-swiper-button-prev\" role=\"button\" tabindex=\"0\">\n\t\t\t\t\t\t<i aria-hidden=\"true\" class=\"eicon-chevron-left\"><\/i>\t\t\t\t\t<\/div>\n\t\t\t\t\t<div class=\"elementor-swiper-button elementor-swiper-button-next\" role=\"button\" tabindex=\"0\">\n\t\t\t\t\t\t<i aria-hidden=\"true\" class=\"eicon-chevron-right\"><\/i>\t\t\t\t\t<\/div>\n\t\t\t\t\n\t\t\t\t\t\t\t\t\t<\/div>\n\t\t\t\t\t\t<\/div>\n\t\t\t\t<\/div>\n\t\t\t\t\t<\/div>\n\t\t<\/div>\n\t\t\t\t\t<\/div>\n\t\t<\/section>\n\t\t\t\t\t<\/div>\n\t\t<\/div>\n\t\t\t\t\t<\/div>\n\t\t<\/section>\n\t\t\t\t<section class=\"elementor-section elementor-top-section elementor-element elementor-element-b03b687 elementor-section-full_width elementor-section-height-default elementor-section-height-default\" data-id=\"b03b687\" data-element_type=\"section\" data-e-type=\"section\" data-settings=\"{&quot;background_background&quot;:&quot;gradient&quot;}\">\n\t\t\t\t\t\t<div class=\"elementor-container elementor-column-gap-default\">\n\t\t\t\t\t<div class=\"elementor-column elementor-col-100 elementor-top-column elementor-element elementor-element-9dd239d\" data-id=\"9dd239d\" data-element_type=\"column\" data-e-type=\"column\">\n\t\t\t<div class=\"elementor-widget-wrap elementor-element-populated\">\n\t\t\t\t\t\t<section class=\"elementor-section elementor-inner-section elementor-element elementor-element-ae5ae79 elementor-section-boxed elementor-section-height-default elementor-section-height-default\" data-id=\"ae5ae79\" data-element_type=\"section\" data-e-type=\"section\">\n\t\t\t\t\t\t<div class=\"elementor-container elementor-column-gap-default\">\n\t\t\t\t\t<div class=\"elementor-column elementor-col-100 elementor-inner-column elementor-element elementor-element-fe4c8ec\" data-id=\"fe4c8ec\" data-element_type=\"column\" data-e-type=\"column\">\n\t\t\t<div class=\"elementor-widget-wrap elementor-element-populated\">\n\t\t\t\t\t\t<div class=\"elementor-element elementor-element-7f05d90 elementor-widget elementor-widget-heading\" data-id=\"7f05d90\" data-element_type=\"widget\" data-e-type=\"widget\" data-widget_type=\"heading.default\">\n\t\t\t\t<div class=\"elementor-widget-container\">\n\t\t\t\t\t<h2 class=\"elementor-heading-title elementor-size-default\">Nuestros Estudiantes<\/h2>\t\t\t\t<\/div>\n\t\t\t\t<\/div>\n\t\t\t\t\t<\/div>\n\t\t<\/div>\n\t\t\t\t\t<\/div>\n\t\t<\/section>\n\t\t\t\t<div class=\"elementor-element elementor-element-1492418 elementor-widget elementor-widget-video\" data-id=\"1492418\" data-element_type=\"widget\" data-e-type=\"widget\" data-settings=\"{&quot;youtube_url&quot;:&quot;https:\\\/\\\/youtu.be\\\/FDD2dzsJjU8&quot;,&quot;video_type&quot;:&quot;youtube&quot;,&quot;controls&quot;:&quot;yes&quot;}\" data-widget_type=\"video.default\">\n\t\t\t\t<div class=\"elementor-widget-container\">\n\t\t\t\t\t\t\t<div class=\"elementor-wrapper elementor-open-inline\">\n\t\t\t<div class=\"elementor-video\"><\/div>\t\t<\/div>\n\t\t\t\t\t\t<\/div>\n\t\t\t\t<\/div>\n\t\t\t\t\t<\/div>\n\t\t<\/div>\n\t\t\t\t\t<\/div>\n\t\t<\/section>\n\t\t\t\t<\/div>\n\t\t","protected":false},"excerpt":{"rendered":"<p>PLAN DE ESTUDIOS NOTICIAS ADMISI\u00d3N 2026 Ingenier\u00eda Civil en Bioinform\u00e1tica es una carrera multidisciplinaria en donde confluyen las ciencias f\u00edsicas, qu\u00edmicas, biol\u00f3gicas, matem\u00e1ticas y computacionales, con el prop\u00f3sito de proponer e implementar soluciones tecnol\u00f3gicas a problem\u00e1ticas de diversa \u00edndole, con un enfoque en los requerimientos de la sociedad. Los profesionales [&hellip;]<\/p>\n","protected":false},"author":1,"featured_media":86,"parent":0,"menu_order":0,"comment_status":"closed","ping_status":"closed","template":"","meta":{"_themeisle_gutenberg_block_has_review":false,"footnotes":""},"class_list":["post-12","page","type-page","status-publish","has-post-thumbnail","hentry"],"_links":{"self":[{"href":"https:\/\/bioinformatica.utalca.cl\/index.php?rest_route=\/wp\/v2\/pages\/12","targetHints":{"allow":["GET"]}}],"collection":[{"href":"https:\/\/bioinformatica.utalca.cl\/index.php?rest_route=\/wp\/v2\/pages"}],"about":[{"href":"https:\/\/bioinformatica.utalca.cl\/index.php?rest_route=\/wp\/v2\/types\/page"}],"author":[{"embeddable":true,"href":"https:\/\/bioinformatica.utalca.cl\/index.php?rest_route=\/wp\/v2\/users\/1"}],"replies":[{"embeddable":true,"href":"https:\/\/bioinformatica.utalca.cl\/index.php?rest_route=%2Fwp%2Fv2%2Fcomments&post=12"}],"version-history":[{"count":229,"href":"https:\/\/bioinformatica.utalca.cl\/index.php?rest_route=\/wp\/v2\/pages\/12\/revisions"}],"predecessor-version":[{"id":2219,"href":"https:\/\/bioinformatica.utalca.cl\/index.php?rest_route=\/wp\/v2\/pages\/12\/revisions\/2219"}],"wp:featuredmedia":[{"embeddable":true,"href":"https:\/\/bioinformatica.utalca.cl\/index.php?rest_route=\/wp\/v2\/media\/86"}],"wp:attachment":[{"href":"https:\/\/bioinformatica.utalca.cl\/index.php?rest_route=%2Fwp%2Fv2%2Fmedia&parent=12"}],"curies":[{"name":"wp","href":"https:\/\/api.w.org\/{rel}","templated":true}]}}